{"id":9996,"date":"2025-02-04T13:03:43","date_gmt":"2025-02-04T13:03:43","guid":{"rendered":"https:\/\/ctneuron.rs\/?page_id=9996"},"modified":"2025-03-18T14:39:03","modified_gmt":"2025-03-18T14:39:03","slug":"sanja-dacic","status":"publish","type":"page","link":"https:\/\/ctneuron.rs\/en\/sanja-dacic\/","title":{"rendered":"Sanja Daci\u0107"},"content":{"rendered":"<div data-elementor-type=\"wp-page\" data-elementor-id=\"9996\" class=\"elementor elementor-9996\">\n\t\t\t\t<div class=\"elementor-element elementor-element-f267bc9 e-flex e-con-boxed e-con e-parent\" data-id=\"f267bc9\" data-element_type=\"container\">\n\t\t\t\t\t<div class=\"e-con-inner\">\n\t\t\t\t<div class=\"elementor-element elementor-element-3497715 elementor-widget elementor-widget-text-editor\" data-id=\"3497715\" data-element_type=\"widget\" data-widget_type=\"text-editor.default\">\n\t\t\t\t<div class=\"elementor-widget-container\">\n\t\t\t\t\t\t\t\t\t<h3><strong>Dr. Sanja Daci\u0107<\/strong><\/h3><p><!-- \/wp:paragraph --><\/p>\t\t\t\t\t\t\t\t<\/div>\n\t\t\t\t<\/div>\n\t\t\t\t<div class=\"elementor-element elementor-element-d8a5ca3 elementor-widget elementor-widget-image\" data-id=\"d8a5ca3\" data-element_type=\"widget\" data-widget_type=\"image.default\">\n\t\t\t\t<div class=\"elementor-widget-container\">\n\t\t\t\t\t\t\t\t\t\t\t\t\t\t\t<img fetchpriority=\"high\" decoding=\"async\" width=\"2560\" height=\"1707\" src=\"https:\/\/ctneuron.rs\/wp-content\/uploads\/2022\/10\/Sanja-Dacic-scaled.jpg\" class=\"attachment-full size-full wp-image-9945\" alt=\"\" srcset=\"https:\/\/ctneuron.rs\/wp-content\/uploads\/2022\/10\/Sanja-Dacic-scaled.jpg 2560w, https:\/\/ctneuron.rs\/wp-content\/uploads\/2022\/10\/Sanja-Dacic-300x200.jpg 300w, https:\/\/ctneuron.rs\/wp-content\/uploads\/2022\/10\/Sanja-Dacic-1024x683.jpg 1024w, https:\/\/ctneuron.rs\/wp-content\/uploads\/2022\/10\/Sanja-Dacic-768x512.jpg 768w, https:\/\/ctneuron.rs\/wp-content\/uploads\/2022\/10\/Sanja-Dacic-1536x1024.jpg 1536w, https:\/\/ctneuron.rs\/wp-content\/uploads\/2022\/10\/Sanja-Dacic-2048x1365.jpg 2048w\" sizes=\"(max-width: 2560px) 100vw, 2560px\" \/>\t\t\t\t\t\t\t\t\t\t\t\t\t\t\t<\/div>\n\t\t\t\t<\/div>\n\t\t\t\t\t<\/div>\n\t\t\t\t<\/div>\n\t\t<div class=\"elementor-element elementor-element-08616c1 e-flex e-con-boxed e-con e-parent\" data-id=\"08616c1\" data-element_type=\"container\">\n\t\t\t\t\t<div class=\"e-con-inner\">\n\t\t\t\t<div class=\"elementor-element elementor-element-b8d3f5e elementor-widget elementor-widget-text-editor\" data-id=\"b8d3f5e\" data-element_type=\"widget\" data-widget_type=\"text-editor.default\">\n\t\t\t\t<div class=\"elementor-widget-container\">\n\t\t\t\t\t\t\t\t\t<p><strong>Sanja Daci\u0107<\/strong><\/p><p>orcid.org\/0000-0001-9754-2655<\/p><p><a href=\"https:\/\/bio.bg.ac.rs\/zaposleni\/dacic-sanja\/\">https:\/\/bio.bg.ac.rs\/zaposleni\/dacic-sanja\/<\/a><\/p><p><strong>Five most important publications:<\/strong><\/p><p>Balint V, Peric M, Dacic S, Stanisavljevic Ninkovic D, Marjanovic J, Popovic J, Stevanovic M, Lazic A. The Role of SOX2 and SOX9 Transcription Factors in the Reactivation-Related Functional Properties of NT2\/D1-Derived Astrocytes. Biomedicines. 2024 Apr 3;12(4):796. doi: 10.3390\/biomedicines12040796.<\/p><p>Jeremic R, Pekovic S, Lavrnja I, Bjelobaba I, Djelic M, Dacic S, Brkic P. Hyperbaric Oxygenation Prevents Loss of Immature Neurons in the Adult Hippocampal Dentate Gyrus Following Brain Injury. Int J Mol Sci. 2023 Feb 21;24(5):4261. doi: 10.3390\/ijms24054261.<\/p><p>\u0106upi\u0107 Miladinovi\u0107 D, Prevendar Crni\u0107 A, Pekovi\u0107 S, Daci\u0107 S, Ivanovi\u0107 S, Santibanez JF, \u0106upi\u0107 V, Borozan N, Antonijevi\u0107 Miljakovi\u0107 E, Borozan S. Recovery of brain cholinesterases and effect on parameters of oxidative stres and apoptosis in quails (Coturnix japonica) after chlorpyrifos and vitamin B1 administration. Chem Biol Interact. 2021 Jan 5;333:109312. doi: 10.1016\/j.cbi.2020.109312.<\/p><p>Pantic I, Jeremic R, Dacic S, Pekovic S, Pantic S, Djelic M, Vitic Z, Brkic P, Brodski C. Gray-Level Co-Occurrence Matrix Analysis of Granule Neurons of the Hippocampal Dentate Gyrus Following Cortical Injury. Microsc Microanal. 2020 Feb;26(1):166-172. doi: 10.1017\/S143192762000001X.<\/p><p>Pantic I, Dacic S, Brkic P, Lavrnja I, Jovanovic T, Pantic S, Pekovic S. Discriminatory ability of fractal and grey level co-occurrence matrix methods in structural analysis of hippocampus layers. J Theor Biol. 2015 Apr 7;370:151-6. doi: 10.1016\/j.jtbi.2015.01.035.<\/p>\t\t\t\t\t\t\t\t<\/div>\n\t\t\t\t<\/div>\n\t\t\t\t\t<\/div>\n\t\t\t\t<\/div>\n\t\t\t\t<\/div>","protected":false},"excerpt":{"rendered":"<p>Dr. Sanja Daci\u0107 Sanja Daci\u0107 orcid.org\/0000-0001-9754-2655 https:\/\/bio.bg.ac.rs\/zaposleni\/dacic-sanja\/ Five most important publications: Balint V, Peric M, Dacic S, Stanisavljevic Ninkovic D, Marjanovic J, Popovic J, Stevanovic M, Lazic A. The Role of SOX2 and SOX9 Transcription Factors in the Reactivation-Related Functional Properties of NT2\/D1-Derived Astrocytes. Biomedicines. 2024 Apr 3;12(4):796. doi: 10.3390\/biomedicines12040796. Jeremic R, Pekovic S, Lavrnja [&hellip;]<\/p>","protected":false},"author":1,"featured_media":0,"parent":0,"menu_order":0,"comment_status":"closed","ping_status":"closed","template":"","meta":{"footnotes":""},"class_list":["post-9996","page","type-page","status-publish","hentry"],"_links":{"self":[{"href":"https:\/\/ctneuron.rs\/en\/wp-json\/wp\/v2\/pages\/9996","targetHints":{"allow":["GET"]}}],"collection":[{"href":"https:\/\/ctneuron.rs\/en\/wp-json\/wp\/v2\/pages"}],"about":[{"href":"https:\/\/ctneuron.rs\/en\/wp-json\/wp\/v2\/types\/page"}],"author":[{"embeddable":true,"href":"https:\/\/ctneuron.rs\/en\/wp-json\/wp\/v2\/users\/1"}],"replies":[{"embeddable":true,"href":"https:\/\/ctneuron.rs\/en\/wp-json\/wp\/v2\/comments?post=9996"}],"version-history":[{"count":10,"href":"https:\/\/ctneuron.rs\/en\/wp-json\/wp\/v2\/pages\/9996\/revisions"}],"predecessor-version":[{"id":10220,"href":"https:\/\/ctneuron.rs\/en\/wp-json\/wp\/v2\/pages\/9996\/revisions\/10220"}],"wp:attachment":[{"href":"https:\/\/ctneuron.rs\/en\/wp-json\/wp\/v2\/media?parent=9996"}],"curies":[{"name":"wp","href":"https:\/\/api.w.org\/{rel}","templated":true}]}}