{"id":9991,"date":"2025-02-04T13:03:02","date_gmt":"2025-02-04T13:03:02","guid":{"rendered":"https:\/\/ctneuron.rs\/?page_id=9991"},"modified":"2025-03-18T14:38:41","modified_gmt":"2025-03-18T14:38:41","slug":"marija-adzic-bukvic","status":"publish","type":"page","link":"https:\/\/ctneuron.rs\/en\/marija-adzic-bukvic\/","title":{"rendered":"Marija Ad\u017ei\u0107 Bukvi\u0107"},"content":{"rendered":"<div data-elementor-type=\"wp-page\" data-elementor-id=\"9991\" class=\"elementor elementor-9991\">\n\t\t\t\t<div class=\"elementor-element elementor-element-5e059e3 e-flex e-con-boxed e-con e-parent\" data-id=\"5e059e3\" data-element_type=\"container\">\n\t\t\t\t\t<div class=\"e-con-inner\">\n\t\t\t\t<div class=\"elementor-element elementor-element-07a848f elementor-widget elementor-widget-text-editor\" data-id=\"07a848f\" data-element_type=\"widget\" data-widget_type=\"text-editor.default\">\n\t\t\t\t<div class=\"elementor-widget-container\">\n\t\t\t\t\t\t\t\t\t<h3><strong>Dr. Marija Ad\u017ei\u0107 Bukvi\u0107<\/strong><\/h3><p><!-- \/wp:paragraph --><\/p>\t\t\t\t\t\t\t\t<\/div>\n\t\t\t\t<\/div>\n\t\t\t\t<div class=\"elementor-element elementor-element-58d99c0 elementor-widget elementor-widget-image\" data-id=\"58d99c0\" data-element_type=\"widget\" data-widget_type=\"image.default\">\n\t\t\t\t<div class=\"elementor-widget-container\">\n\t\t\t\t\t\t\t\t\t\t\t\t\t\t\t<img fetchpriority=\"high\" decoding=\"async\" width=\"2560\" height=\"1707\" src=\"https:\/\/ctneuron.rs\/wp-content\/uploads\/2022\/11\/Marija-Adzic-Bukvic-scaled.jpg\" class=\"attachment-full size-full wp-image-9932\" alt=\"\" srcset=\"https:\/\/ctneuron.rs\/wp-content\/uploads\/2022\/11\/Marija-Adzic-Bukvic-scaled.jpg 2560w, https:\/\/ctneuron.rs\/wp-content\/uploads\/2022\/11\/Marija-Adzic-Bukvic-300x200.jpg 300w, https:\/\/ctneuron.rs\/wp-content\/uploads\/2022\/11\/Marija-Adzic-Bukvic-1024x683.jpg 1024w, https:\/\/ctneuron.rs\/wp-content\/uploads\/2022\/11\/Marija-Adzic-Bukvic-768x512.jpg 768w, https:\/\/ctneuron.rs\/wp-content\/uploads\/2022\/11\/Marija-Adzic-Bukvic-1536x1024.jpg 1536w, https:\/\/ctneuron.rs\/wp-content\/uploads\/2022\/11\/Marija-Adzic-Bukvic-2048x1365.jpg 2048w\" sizes=\"(max-width: 2560px) 100vw, 2560px\" \/>\t\t\t\t\t\t\t\t\t\t\t\t\t\t\t<\/div>\n\t\t\t\t<\/div>\n\t\t\t\t\t<\/div>\n\t\t\t\t<\/div>\n\t\t<div class=\"elementor-element elementor-element-fb70173 e-flex e-con-boxed e-con e-parent\" data-id=\"fb70173\" data-element_type=\"container\">\n\t\t\t\t\t<div class=\"e-con-inner\">\n\t\t\t\t<div class=\"elementor-element elementor-element-209d664 elementor-widget elementor-widget-text-editor\" data-id=\"209d664\" data-element_type=\"widget\" data-widget_type=\"text-editor.default\">\n\t\t\t\t<div class=\"elementor-widget-container\">\n\t\t\t\t\t\t\t\t\t<p><strong>Marija Ad\u017ei\u0107 Bukvi\u0107<\/strong><\/p><p>orcid.org\/0000-0003-4018-0758<\/p><p><strong>Five most important publications:<\/strong><\/p><p>Adzic Bukvic M, Laketa D, Dragic M, Lavrnja I, Nedeljkovic N. Expression of functionally distinct ecto-5&#8242;-nucleotidase\/CD73 glycovariants in reactive astrocytes in experimental autoimmune encephalomyelitis and neuroinflammatory conditions in vitro. Glia. 2024 Jan;72(1):19-33. doi: 10.1002\/glia.24459. Epub 2023 Aug 30. PMID: 37646205.<\/p><p>Mihajlovic K, Adzic Bukvic M, Dragic M, Scortichini M, Jacobson KA, Nedeljkovic N. Anti-inflammatory potency of novel ecto-5&#8242;-nucleotidase\/CD73 inhibitors in astrocyte culture model of neuroinflammation. Eur J Pharmacol. 2023 Oct 5;956:175943. doi: 10.1016\/j.ejphar.2023.175943. Epub 2023 Aug 2. PMID: 37541364.<\/p><p>Bijeli\u0107 D, Ad\u017ei\u0107 M, Peri\u0107 M, Jakov\u010devski I, F\u00f6rster E, Schachner M, Andjus PR. Different Functions of Recombinantly Expressed Domains of Tenascin-C in Glial Scar Formation. Front Immunol. 2021 Feb 19;11:624612. doi: 10.3389\/fimmu.2020.624612. Erratum in: Front Immunol. 2021 Mar 16;12:672476. doi: 10.3389\/fimmu.2021.672476. PMID: 33679718.<\/p><p>Bijeli\u0107 D, Ad\u017ei\u0107 M, Peri\u0107 M, Reiss G, Milo\u0161evi\u0107 M, Andjus PR, Jakov\u010devski I. Tenascin-C fibronectin D domain is involved in the fine-tuning of glial response to CNS injury in vitro. Front Cell Dev Biol. 2022 Aug 26;10:952208. doi: 10.3389\/fcell.2022.952208. PMID: 36092707.<\/p><p>Adzic M, Nedeljkovic N. Unveiling the Role of Ecto-5&#8242;-Nucleotidase\/CD73 in Astrocyte Migration by Using Pharmacological Tools. Front Pharmacol. 2018 Mar 1;9:153. doi: 10.3389\/fphar.2018.00153. PMID: 29545748.<\/p>\t\t\t\t\t\t\t\t<\/div>\n\t\t\t\t<\/div>\n\t\t\t\t\t<\/div>\n\t\t\t\t<\/div>\n\t\t\t\t<\/div>","protected":false},"excerpt":{"rendered":"<p>Dr. Marija Ad\u017ei\u0107 Bukvi\u0107 Marija Ad\u017ei\u0107 Bukvi\u0107 orcid.org\/0000-0003-4018-0758 Five most important publications: Adzic Bukvic M, Laketa D, Dragic M, Lavrnja I, Nedeljkovic N. Expression of functionally distinct ecto-5&#8242;-nucleotidase\/CD73 glycovariants in reactive astrocytes in experimental autoimmune encephalomyelitis and neuroinflammatory conditions in vitro. Glia. 2024 Jan;72(1):19-33. doi: 10.1002\/glia.24459. Epub 2023 Aug 30. PMID: 37646205. Mihajlovic K, Adzic [&hellip;]<\/p>","protected":false},"author":1,"featured_media":0,"parent":0,"menu_order":0,"comment_status":"closed","ping_status":"closed","template":"","meta":{"footnotes":""},"class_list":["post-9991","page","type-page","status-publish","hentry"],"_links":{"self":[{"href":"https:\/\/ctneuron.rs\/en\/wp-json\/wp\/v2\/pages\/9991","targetHints":{"allow":["GET"]}}],"collection":[{"href":"https:\/\/ctneuron.rs\/en\/wp-json\/wp\/v2\/pages"}],"about":[{"href":"https:\/\/ctneuron.rs\/en\/wp-json\/wp\/v2\/types\/page"}],"author":[{"embeddable":true,"href":"https:\/\/ctneuron.rs\/en\/wp-json\/wp\/v2\/users\/1"}],"replies":[{"embeddable":true,"href":"https:\/\/ctneuron.rs\/en\/wp-json\/wp\/v2\/comments?post=9991"}],"version-history":[{"count":10,"href":"https:\/\/ctneuron.rs\/en\/wp-json\/wp\/v2\/pages\/9991\/revisions"}],"predecessor-version":[{"id":10217,"href":"https:\/\/ctneuron.rs\/en\/wp-json\/wp\/v2\/pages\/9991\/revisions\/10217"}],"wp:attachment":[{"href":"https:\/\/ctneuron.rs\/en\/wp-json\/wp\/v2\/media?parent=9991"}],"curies":[{"name":"wp","href":"https:\/\/api.w.org\/{rel}","templated":true}]}}