{"id":6575,"date":"2022-11-14T16:25:59","date_gmt":"2022-11-14T16:25:59","guid":{"rendered":"https:\/\/marity.qodeinteractive.com\/?page_id=6575"},"modified":"2025-03-18T14:43:26","modified_gmt":"2025-03-18T14:43:26","slug":"our-team","status":"publish","type":"page","link":"https:\/\/ctneuron.rs\/en\/our-team\/","title":{"rendered":"OUR TEAM"},"content":{"rendered":"<div data-elementor-type=\"wp-page\" data-elementor-id=\"6575\" class=\"elementor elementor-6575\">\n\t\t\t\t\t\t<section class=\"elementor-section elementor-top-section elementor-element elementor-element-de97cb6 elementor-section-full_width elementor-section-height-default elementor-section-height-default\" data-id=\"de97cb6\" data-element_type=\"section\" data-settings=\"{&quot;background_background&quot;:&quot;classic&quot;}\">\n\t\t\t\t\t\t<div class=\"elementor-container elementor-column-gap-no\">\n\t\t\t\t\t<div class=\"elementor-column elementor-col-100 elementor-top-column elementor-element elementor-element-c778098\" data-id=\"c778098\" data-element_type=\"column\">\n\t\t\t<div class=\"elementor-widget-wrap elementor-element-populated\">\n\t\t\t\t\t\t<div class=\"elementor-element elementor-element-b281095 elementor-widget elementor-widget-marity_core_section_title\" data-id=\"b281095\" data-element_type=\"widget\" data-widget_type=\"marity_core_section_title.default\">\n\t\t\t\t<div class=\"elementor-widget-container\">\n\t\t\t\t\t<div class=\"qodef-shortcode qodef-m  qodef-section-title qodef-show_supertitle--no qodef-alignment--left\">\n    \t\t    <\/div>\n\t\t\t\t<\/div>\n\t\t\t\t<\/div>\n\t\t\t\t<div class=\"elementor-element elementor-element-c57ab07 elementor-widget elementor-widget-marity_core_team_list\" data-id=\"c57ab07\" data-element_type=\"widget\" data-widget_type=\"marity_core_team_list.default\">\n\t\t\t\t<div class=\"elementor-widget-container\">\n\t\t\t\t\t<div class=\"qodef-shortcode qodef-m  qodef-team-list qodef-item-layout--info-below qodef-grid qodef-layout--columns  qodef-gutter--normal qodef-col-num--3 qodef-item-layout--info-below qodef-pagination--off qodef-responsive--predefined qodef-swiper--show-pagination\" data-options=\"{&quot;plugin&quot;:&quot;marity_core&quot;,&quot;module&quot;:&quot;post-types\\\/team\\\/shortcodes&quot;,&quot;shortcode&quot;:&quot;team-list&quot;,&quot;post_type&quot;:&quot;team&quot;,&quot;next_page&quot;:&quot;2&quot;,&quot;max_pages_num&quot;:1,&quot;behavior&quot;:&quot;columns&quot;,&quot;images_proportion&quot;:&quot;full&quot;,&quot;columns&quot;:&quot;3&quot;,&quot;columns_responsive&quot;:&quot;predefined&quot;,&quot;columns_1440&quot;:&quot;3&quot;,&quot;columns_1366&quot;:&quot;3&quot;,&quot;columns_1024&quot;:&quot;3&quot;,&quot;columns_768&quot;:&quot;3&quot;,&quot;columns_680&quot;:&quot;3&quot;,&quot;columns_480&quot;:&quot;3&quot;,&quot;space&quot;:&quot;normal&quot;,&quot;posts_per_page&quot;:&quot;15&quot;,&quot;orderby&quot;:&quot;date&quot;,&quot;order&quot;:&quot;DESC&quot;,&quot;layout&quot;:&quot;info-below&quot;,&quot;title_tag&quot;:&quot;h4&quot;,&quot;pagination_type&quot;:&quot;no-pagination&quot;,&quot;enable_top_info&quot;:&quot;no&quot;,&quot;top_info_title&quot;:&quot;Work and Projects&quot;,&quot;top_info_supertitle&quot;:&quot;Our Work&quot;,&quot;top_info_more_text&quot;:&quot;Read All&quot;,&quot;top_info_more_target&quot;:&quot;_self&quot;,&quot;info_below_content_margin_top&quot;:&quot;--10&quot;,&quot;object_class_name&quot;:&quot;MarityCore_Team_List_Shortcode&quot;,&quot;taxonomy_filter&quot;:&quot;team-category&quot;,&quot;additional_query_args&quot;:[],&quot;item_classes&quot;:&quot;qodef-e qodef-grid-item &quot;,&quot;top_info_styles&quot;:[],&quot;space_value&quot;:15}\">\n\t\t<div class=\"qodef-grid-inner\">\n\t\t<div class=\"qodef-e qodef-grid-item  post-6596 team type-team status-publish has-post-thumbnail hentry team-category-main-home\">\n\t<div class=\"qodef-e-inner\">\n\t\t<div class=\"qodef-e-image\">\n\t\t\t\t<div class=\"qodef-e-media-image\">\n\t\t\t\t\t<img fetchpriority=\"high\" decoding=\"async\" width=\"2560\" height=\"1707\" src=\"https:\/\/ctneuron.rs\/wp-content\/uploads\/2025\/02\/Nadezda-Nedeljkovic-scaled.jpg\" class=\"attachment-full size-full wp-post-image\" alt=\"\" srcset=\"https:\/\/ctneuron.rs\/wp-content\/uploads\/2025\/02\/Nadezda-Nedeljkovic-scaled.jpg 2560w, https:\/\/ctneuron.rs\/wp-content\/uploads\/2025\/02\/Nadezda-Nedeljkovic-300x200.jpg 300w, https:\/\/ctneuron.rs\/wp-content\/uploads\/2025\/02\/Nadezda-Nedeljkovic-1024x683.jpg 1024w, https:\/\/ctneuron.rs\/wp-content\/uploads\/2025\/02\/Nadezda-Nedeljkovic-768x512.jpg 768w, https:\/\/ctneuron.rs\/wp-content\/uploads\/2025\/02\/Nadezda-Nedeljkovic-1536x1024.jpg 1536w, https:\/\/ctneuron.rs\/wp-content\/uploads\/2025\/02\/Nadezda-Nedeljkovic-2048x1365.jpg 2048w\" sizes=\"(max-width: 2560px) 100vw, 2560px\" \/>\t\t\t<\/div>\n            \t<div class=\"qodef-social-icon\">\n\t\t\t\t\t\t<a class=\"qodef-team-member-social-icon\" href=\"mailto:nnedel@bio.bg.ac.rs%20\" target=\"_blank\">\n\t\t\t\t\tnnedel@bio.bg.ac.rs \t\t\t\t<\/a>\n\t\t\t\t\t\t\t\t\t<a class=\"qodef-team-member-social-icon\" href=\"https:\/\/ctneuron.rs\/en\/nadezda-nedeljkovic\/\" target=\"_self\">\n\t\t\t\t\tBiography\t\t\t\t<\/a>\n\t\t\t\t\t\t<\/div>\n\t\t<\/div>\n\t\t<div class=\"qodef-e-content\" style=\"margin-top:0px\">\n            <h4 itemprop=\"name\" class=\"qodef-e-title entry-title\" >\n\t\t\tDr Nade\u017eda Nedeljkovi\u0107\t<\/h4>\n\t\t\t\t<p class=\"qodef-e-role\">FULL PROFESSOR<\/p>\n\t\t\t\t\t<\/div>\n\t<\/div>\n<\/div>\n<div class=\"qodef-e qodef-grid-item  post-6594 team type-team status-publish has-post-thumbnail hentry team-category-main-home\">\n\t<div class=\"qodef-e-inner\">\n\t\t<div class=\"qodef-e-image\">\n\t\t\t\t<div class=\"qodef-e-media-image\">\n\t\t\t\t\t<img decoding=\"async\" width=\"2560\" height=\"1707\" src=\"https:\/\/ctneuron.rs\/wp-content\/uploads\/2022\/11\/Milorad-Dragic-scaled.jpg\" class=\"attachment-full size-full wp-post-image\" alt=\"\" srcset=\"https:\/\/ctneuron.rs\/wp-content\/uploads\/2022\/11\/Milorad-Dragic-scaled.jpg 2560w, https:\/\/ctneuron.rs\/wp-content\/uploads\/2022\/11\/Milorad-Dragic-300x200.jpg 300w, https:\/\/ctneuron.rs\/wp-content\/uploads\/2022\/11\/Milorad-Dragic-1024x683.jpg 1024w, https:\/\/ctneuron.rs\/wp-content\/uploads\/2022\/11\/Milorad-Dragic-768x512.jpg 768w, https:\/\/ctneuron.rs\/wp-content\/uploads\/2022\/11\/Milorad-Dragic-1536x1024.jpg 1536w, https:\/\/ctneuron.rs\/wp-content\/uploads\/2022\/11\/Milorad-Dragic-2048x1365.jpg 2048w\" sizes=\"(max-width: 2560px) 100vw, 2560px\" \/>\t\t\t<\/div>\n            \t<div class=\"qodef-social-icon\">\n\t\t\t\t\t\t<a class=\"qodef-team-member-social-icon\" href=\"mailto:milorad.dragic@bio.bg.ac.rs\" target=\"_blank\">\n\t\t\t\t\tmilorad.dragic@bio.bg.ac.rs\t\t\t\t<\/a>\n\t\t\t\t\t\t\t\t\t<a class=\"qodef-team-member-social-icon\" href=\"https:\/\/ctneuron.rs\/en\/milorad-dragic\/\" target=\"_self\">\n\t\t\t\t\tBiography\t\t\t\t<\/a>\n\t\t\t\t\t\t<\/div>\n\t\t<\/div>\n\t\t<div class=\"qodef-e-content\" style=\"margin-top:0px\">\n            <h4 itemprop=\"name\" class=\"qodef-e-title entry-title\" >\n\t\t\tDr Milorad Dragi\u0107\t<\/h4>\n\t\t\t\t<p class=\"qodef-e-role\">ASSISTANT PROFESSOR<\/p>\n\t\t\t\t\t<\/div>\n\t<\/div>\n<\/div>\n<div class=\"qodef-e qodef-grid-item  post-6592 team type-team status-publish has-post-thumbnail hentry team-category-main-home\">\n\t<div class=\"qodef-e-inner\">\n\t\t<div class=\"qodef-e-image\">\n\t\t\t\t<div class=\"qodef-e-media-image\">\n\t\t\t\t\t<img decoding=\"async\" width=\"2560\" height=\"1707\" src=\"https:\/\/ctneuron.rs\/wp-content\/uploads\/2022\/11\/Untitled-design-1-scaled.jpg\" class=\"attachment-full size-full wp-post-image\" alt=\"\" srcset=\"https:\/\/ctneuron.rs\/wp-content\/uploads\/2022\/11\/Untitled-design-1-scaled.jpg 2560w, https:\/\/ctneuron.rs\/wp-content\/uploads\/2022\/11\/Untitled-design-1-300x200.jpg 300w, https:\/\/ctneuron.rs\/wp-content\/uploads\/2022\/11\/Untitled-design-1-1024x683.jpg 1024w, https:\/\/ctneuron.rs\/wp-content\/uploads\/2022\/11\/Untitled-design-1-768x512.jpg 768w, https:\/\/ctneuron.rs\/wp-content\/uploads\/2022\/11\/Untitled-design-1-1536x1024.jpg 1536w, https:\/\/ctneuron.rs\/wp-content\/uploads\/2022\/11\/Untitled-design-1-2048x1365.jpg 2048w\" sizes=\"(max-width: 2560px) 100vw, 2560px\" \/>\t\t\t<\/div>\n            \t<div class=\"qodef-social-icon\">\n\t\t\t\t\t\t<a class=\"qodef-team-member-social-icon\" href=\"mailto:danijela@bio.bg.ac.rs\" target=\"_blank\">\n\t\t\t\t\tdanijela@bio.bg.ac.rs\t\t\t\t<\/a>\n\t\t\t\t\t\t\t\t\t<a class=\"qodef-team-member-social-icon\" href=\"https:\/\/ctneuron.rs\/en\/danijela-laketa\/\" target=\"_self\">\n\t\t\t\t\tBiography\t\t\t\t<\/a>\n\t\t\t\t\t\t<\/div>\n\t\t<\/div>\n\t\t<div class=\"qodef-e-content\" style=\"margin-top:0px\">\n            <h4 itemprop=\"name\" class=\"qodef-e-title entry-title\" >\n\t\t\tDr Danijela Laketa\t<\/h4>\n\t\t\t\t<p class=\"qodef-e-role\">ASSOCIATE PROFESSOR<\/p>\n\t\t\t\t\t<\/div>\n\t<\/div>\n<\/div>\n<div class=\"qodef-e qodef-grid-item  post-6583 team type-team status-publish has-post-thumbnail hentry team-category-main-home\">\n\t<div class=\"qodef-e-inner\">\n\t\t<div class=\"qodef-e-image\">\n\t\t\t\t<div class=\"qodef-e-media-image\">\n\t\t\t\t\t<img loading=\"lazy\" decoding=\"async\" width=\"2560\" height=\"1707\" src=\"https:\/\/ctneuron.rs\/wp-content\/uploads\/2022\/11\/Marija-Adzic-Bukvic-scaled.jpg\" class=\"attachment-full size-full wp-post-image\" alt=\"\" srcset=\"https:\/\/ctneuron.rs\/wp-content\/uploads\/2022\/11\/Marija-Adzic-Bukvic-scaled.jpg 2560w, https:\/\/ctneuron.rs\/wp-content\/uploads\/2022\/11\/Marija-Adzic-Bukvic-300x200.jpg 300w, https:\/\/ctneuron.rs\/wp-content\/uploads\/2022\/11\/Marija-Adzic-Bukvic-1024x683.jpg 1024w, https:\/\/ctneuron.rs\/wp-content\/uploads\/2022\/11\/Marija-Adzic-Bukvic-768x512.jpg 768w, https:\/\/ctneuron.rs\/wp-content\/uploads\/2022\/11\/Marija-Adzic-Bukvic-1536x1024.jpg 1536w, https:\/\/ctneuron.rs\/wp-content\/uploads\/2022\/11\/Marija-Adzic-Bukvic-2048x1365.jpg 2048w\" sizes=\"(max-width: 2560px) 100vw, 2560px\" \/>\t\t\t<\/div>\n            \t<div class=\"qodef-social-icon\">\n\t\t\t\t\t\t<a class=\"qodef-team-member-social-icon\" href=\"mailto:amarija@bio.bg.ac.rs\" target=\"_blank\">\n\t\t\t\t\tamarija@bio.bg.ac.rs\t\t\t\t<\/a>\n\t\t\t\t\t\t\t\t\t<a class=\"qodef-team-member-social-icon\" href=\"https:\/\/ctneuron.rs\/en\/marija-adzic-bukvic\/\" target=\"_self\">\n\t\t\t\t\tBiography\t\t\t\t<\/a>\n\t\t\t\t\t\t<\/div>\n\t\t<\/div>\n\t\t<div class=\"qodef-e-content\" style=\"margin-top:0px\">\n            <h4 itemprop=\"name\" class=\"qodef-e-title entry-title\" >\n\t\t\tDr Marija Ad\u017ei\u0107 Bukvi\u0107\t<\/h4>\n\t\t\t\t<p class=\"qodef-e-role\">SENIOR RESEARCH ASSOCIATE<\/p>\n\t\t\t\t\t<\/div>\n\t<\/div>\n<\/div>\n<div class=\"qodef-e qodef-grid-item  post-2408 team type-team status-publish has-post-thumbnail hentry team-category-main-home\">\n\t<div class=\"qodef-e-inner\">\n\t\t<div class=\"qodef-e-image\">\n\t\t\t\t<div class=\"qodef-e-media-image\">\n\t\t\t\t\t<img loading=\"lazy\" decoding=\"async\" width=\"2560\" height=\"1707\" src=\"https:\/\/ctneuron.rs\/wp-content\/uploads\/2022\/10\/Sanja-Dacic-scaled.jpg\" class=\"attachment-full size-full wp-post-image\" alt=\"\" srcset=\"https:\/\/ctneuron.rs\/wp-content\/uploads\/2022\/10\/Sanja-Dacic-scaled.jpg 2560w, https:\/\/ctneuron.rs\/wp-content\/uploads\/2022\/10\/Sanja-Dacic-300x200.jpg 300w, https:\/\/ctneuron.rs\/wp-content\/uploads\/2022\/10\/Sanja-Dacic-1024x683.jpg 1024w, https:\/\/ctneuron.rs\/wp-content\/uploads\/2022\/10\/Sanja-Dacic-768x512.jpg 768w, https:\/\/ctneuron.rs\/wp-content\/uploads\/2022\/10\/Sanja-Dacic-1536x1024.jpg 1536w, https:\/\/ctneuron.rs\/wp-content\/uploads\/2022\/10\/Sanja-Dacic-2048x1365.jpg 2048w\" sizes=\"(max-width: 2560px) 100vw, 2560px\" \/>\t\t\t<\/div>\n            \t<div class=\"qodef-social-icon\">\n\t\t\t\t\t\t<a class=\"qodef-team-member-social-icon\" href=\"mailto:sanjas@bio.bg.ac.rs\" target=\"_blank\">\n\t\t\t\t\tsanjas@bio.bg.ac.rs\t\t\t\t<\/a>\n\t\t\t\t\t\t\t\t\t<a class=\"qodef-team-member-social-icon\" href=\"https:\/\/ctneuron.rs\/en\/sanja-dacic\/\" target=\"_self\">\n\t\t\t\t\tBiography\t\t\t\t<\/a>\n\t\t\t\t\t\t<\/div>\n\t\t<\/div>\n\t\t<div class=\"qodef-e-content\" style=\"margin-top:0px\">\n            <h4 itemprop=\"name\" class=\"qodef-e-title entry-title\" >\n\t\t\tDr Sanja Daci\u0107\t<\/h4>\n\t\t\t\t<p class=\"qodef-e-role\">ASSISTANT PROFESSOR<\/p>\n\t\t\t\t\t<\/div>\n\t<\/div>\n<\/div>\n<div class=\"qodef-e qodef-grid-item  post-2407 team type-team status-publish has-post-thumbnail hentry team-category-main-home\">\n\t<div class=\"qodef-e-inner\">\n\t\t<div class=\"qodef-e-image\">\n\t\t\t\t<div class=\"qodef-e-media-image\">\n\t\t\t\t\t<img loading=\"lazy\" decoding=\"async\" width=\"2560\" height=\"1707\" src=\"https:\/\/ctneuron.rs\/wp-content\/uploads\/2022\/10\/Milica-Zeljkovic-Jovanovic-scaled.jpg\" class=\"attachment-full size-full wp-post-image\" alt=\"\" srcset=\"https:\/\/ctneuron.rs\/wp-content\/uploads\/2022\/10\/Milica-Zeljkovic-Jovanovic-scaled.jpg 2560w, https:\/\/ctneuron.rs\/wp-content\/uploads\/2022\/10\/Milica-Zeljkovic-Jovanovic-300x200.jpg 300w, https:\/\/ctneuron.rs\/wp-content\/uploads\/2022\/10\/Milica-Zeljkovic-Jovanovic-1024x683.jpg 1024w, https:\/\/ctneuron.rs\/wp-content\/uploads\/2022\/10\/Milica-Zeljkovic-Jovanovic-768x512.jpg 768w, https:\/\/ctneuron.rs\/wp-content\/uploads\/2022\/10\/Milica-Zeljkovic-Jovanovic-1536x1024.jpg 1536w, https:\/\/ctneuron.rs\/wp-content\/uploads\/2022\/10\/Milica-Zeljkovic-Jovanovic-2048x1365.jpg 2048w\" sizes=\"(max-width: 2560px) 100vw, 2560px\" \/>\t\t\t<\/div>\n            \t<div class=\"qodef-social-icon\">\n\t\t\t\t\t\t<a class=\"qodef-team-member-social-icon\" href=\"mailto:milica.zeljkovic@bio.bg.ac.rs\" target=\"_blank\">\n\t\t\t\t\tmilica.zeljkovic@bio.bg.ac.rs\t\t\t\t<\/a>\n\t\t\t\t\t\t\t\t\t<a class=\"qodef-team-member-social-icon\" href=\"https:\/\/ctneuron.rs\/en\/milica-zeljkovic-jovanovic\/\" target=\"_self\">\n\t\t\t\t\tBiography\t\t\t\t<\/a>\n\t\t\t\t\t\t<\/div>\n\t\t<\/div>\n\t\t<div class=\"qodef-e-content\" style=\"margin-top:0px\">\n            <h4 itemprop=\"name\" class=\"qodef-e-title entry-title\" >\n\t\t\tDr Milica Zeljkovi\u0107 Jovanovi\u0107\t<\/h4>\n\t\t\t\t<p class=\"qodef-e-role\">RESEARCH ASSOCIATE<\/p>\n\t\t\t\t\t<\/div>\n\t<\/div>\n<\/div>\n<div class=\"qodef-e qodef-grid-item  post-12849 team type-team status-publish has-post-thumbnail hentry\">\n\t<div class=\"qodef-e-inner\">\n\t\t<div class=\"qodef-e-image\">\n\t\t\t\t<div class=\"qodef-e-media-image\">\n\t\t\t\t\t<img loading=\"lazy\" decoding=\"async\" width=\"1536\" height=\"1024\" src=\"https:\/\/ctneuron.rs\/wp-content\/uploads\/2022\/10\/Marina-1.jpg\" class=\"attachment-full size-full wp-post-image\" alt=\"\" srcset=\"https:\/\/ctneuron.rs\/wp-content\/uploads\/2022\/10\/Marina-1.jpg 1536w, https:\/\/ctneuron.rs\/wp-content\/uploads\/2022\/10\/Marina-1-300x200.jpg 300w, https:\/\/ctneuron.rs\/wp-content\/uploads\/2022\/10\/Marina-1-1024x683.jpg 1024w, https:\/\/ctneuron.rs\/wp-content\/uploads\/2022\/10\/Marina-1-768x512.jpg 768w, https:\/\/ctneuron.rs\/wp-content\/uploads\/2022\/10\/Marina-1-18x12.jpg 18w\" sizes=\"(max-width: 1536px) 100vw, 1536px\" \/>\t\t\t<\/div>\n            \t<div class=\"qodef-social-icon\">\n\t\t\t\t\t\t<a class=\"qodef-team-member-social-icon\" href=\"http:\/\/marinazaric2790@gmail.com\" target=\"_self\">\n\t\t\t\t\tmarinazaric2790@gmail.com\t\t\t\t<\/a>\n\t\t\t\t\t\t\t\t\t<a class=\"qodef-team-member-social-icon\" href=\"https:\/\/ctneuron.rs\/en\/dr-marina-zaric-kontic\/\" target=\"_self\">\n\t\t\t\t\tBiography\t\t\t\t<\/a>\n\t\t\t\t\t\t<\/div>\n\t\t<\/div>\n\t\t<div class=\"qodef-e-content\" style=\"margin-top:0px\">\n            <h4 itemprop=\"name\" class=\"qodef-e-title entry-title\" >\n\t\t\tDr Marina Zari\u0107 Konti\u0107\t<\/h4>\n\t\t\t\t<p class=\"qodef-e-role\">SENIOR RESEARCH ASSOCIATE<\/p>\n\t\t\t\t\t<\/div>\n\t<\/div>\n<\/div>\n<div class=\"qodef-e qodef-grid-item  post-2391 team type-team status-publish has-post-thumbnail hentry team-category-main-home\">\n\t<div class=\"qodef-e-inner\">\n\t\t<div class=\"qodef-e-image\">\n\t\t\t\t<div class=\"qodef-e-media-image\">\n\t\t\t\t\t<img loading=\"lazy\" decoding=\"async\" width=\"2560\" height=\"1707\" src=\"https:\/\/ctneuron.rs\/wp-content\/uploads\/2022\/10\/Untitled-design-3-scaled.jpg\" class=\"attachment-full size-full wp-post-image\" alt=\"\" srcset=\"https:\/\/ctneuron.rs\/wp-content\/uploads\/2022\/10\/Untitled-design-3-scaled.jpg 2560w, https:\/\/ctneuron.rs\/wp-content\/uploads\/2022\/10\/Untitled-design-3-300x200.jpg 300w, https:\/\/ctneuron.rs\/wp-content\/uploads\/2022\/10\/Untitled-design-3-1024x683.jpg 1024w, https:\/\/ctneuron.rs\/wp-content\/uploads\/2022\/10\/Untitled-design-3-768x512.jpg 768w, https:\/\/ctneuron.rs\/wp-content\/uploads\/2022\/10\/Untitled-design-3-1536x1024.jpg 1536w, https:\/\/ctneuron.rs\/wp-content\/uploads\/2022\/10\/Untitled-design-3-2048x1365.jpg 2048w\" sizes=\"(max-width: 2560px) 100vw, 2560px\" \/>\t\t\t<\/div>\n            \t<div class=\"qodef-social-icon\">\n\t\t\t\t\t\t<a class=\"qodef-team-member-social-icon\" href=\"mailto:andjela.stekic@bio.bg.ac.rs\" target=\"_blank\">\n\t\t\t\t\tandjela.stekic@bio.bg.ac.rs\t\t\t\t<\/a>\n\t\t\t\t\t\t\t\t\t<a class=\"qodef-team-member-social-icon\" href=\"https:\/\/ctneuron.rs\/en\/andela-stekic\/\" target=\"_self\">\n\t\t\t\t\tBiography\t\t\t\t<\/a>\n\t\t\t\t\t\t<\/div>\n\t\t<\/div>\n\t\t<div class=\"qodef-e-content\" style=\"margin-top:0px\">\n            <h4 itemprop=\"name\" class=\"qodef-e-title entry-title\" >\n\t\t\tAn\u0111ela Steki\u0107\t<\/h4>\n\t\t\t\t<p class=\"qodef-e-role\">RESEARCH ASSISTANT<\/p>\n\t\t\t\t\t<\/div>\n\t<\/div>\n<\/div>\n<div class=\"qodef-e qodef-grid-item  post-2406 team type-team status-publish has-post-thumbnail hentry team-category-main-home\">\n\t<div class=\"qodef-e-inner\">\n\t\t<div class=\"qodef-e-image\">\n\t\t\t\t<div class=\"qodef-e-media-image\">\n\t\t\t\t\t<img loading=\"lazy\" decoding=\"async\" width=\"2560\" height=\"1707\" src=\"https:\/\/ctneuron.rs\/wp-content\/uploads\/2022\/10\/Untitled-design-2-scaled.jpg\" class=\"attachment-full size-full wp-post-image\" alt=\"\" srcset=\"https:\/\/ctneuron.rs\/wp-content\/uploads\/2022\/10\/Untitled-design-2-scaled.jpg 2560w, https:\/\/ctneuron.rs\/wp-content\/uploads\/2022\/10\/Untitled-design-2-300x200.jpg 300w, https:\/\/ctneuron.rs\/wp-content\/uploads\/2022\/10\/Untitled-design-2-1024x683.jpg 1024w, https:\/\/ctneuron.rs\/wp-content\/uploads\/2022\/10\/Untitled-design-2-768x512.jpg 768w, https:\/\/ctneuron.rs\/wp-content\/uploads\/2022\/10\/Untitled-design-2-1536x1024.jpg 1536w, https:\/\/ctneuron.rs\/wp-content\/uploads\/2022\/10\/Untitled-design-2-2048x1365.jpg 2048w\" sizes=\"(max-width: 2560px) 100vw, 2560px\" \/>\t\t\t<\/div>\n            \t<div class=\"qodef-social-icon\">\n\t\t\t\t\t\t<a class=\"qodef-team-member-social-icon\" href=\"https:\/\/www.linkedin.com\/company\/qode-themes\/\" target=\"_blank\">\n\t\t\t\t\tkatarina.mihajlovic@bio.bg.ac.rs\t\t\t\t<\/a>\n\t\t\t\t\t\t\t\t\t<a class=\"qodef-team-member-social-icon\" href=\"https:\/\/ctneuron.rs\/en\/katarina-mihajlovic\/\" target=\"_self\">\n\t\t\t\t\tBiography\t\t\t\t<\/a>\n\t\t\t\t\t\t<\/div>\n\t\t<\/div>\n\t\t<div class=\"qodef-e-content\" style=\"margin-top:0px\">\n            <h4 itemprop=\"name\" class=\"qodef-e-title entry-title\" >\n\t\t\tKatarina Mihajlovic\t<\/h4>\n\t\t\t\t<p class=\"qodef-e-role\">RESEARCH ASSISTANT<\/p>\n\t\t\t\t\t<\/div>\n\t<\/div>\n<\/div>\n<div class=\"qodef-e qodef-grid-item  post-9956 team type-team status-publish has-post-thumbnail hentry team-category-main-home\">\n\t<div class=\"qodef-e-inner\">\n\t\t<div class=\"qodef-e-image\">\n\t\t\t\t<div class=\"qodef-e-media-image\">\n\t\t\t\t\t<img loading=\"lazy\" decoding=\"async\" width=\"2560\" height=\"1707\" src=\"https:\/\/ctneuron.rs\/wp-content\/uploads\/2025\/02\/Untitled-design-4-scaled.jpg\" class=\"attachment-full size-full wp-post-image\" alt=\"\" srcset=\"https:\/\/ctneuron.rs\/wp-content\/uploads\/2025\/02\/Untitled-design-4-scaled.jpg 2560w, https:\/\/ctneuron.rs\/wp-content\/uploads\/2025\/02\/Untitled-design-4-300x200.jpg 300w, https:\/\/ctneuron.rs\/wp-content\/uploads\/2025\/02\/Untitled-design-4-1024x683.jpg 1024w, https:\/\/ctneuron.rs\/wp-content\/uploads\/2025\/02\/Untitled-design-4-768x512.jpg 768w, https:\/\/ctneuron.rs\/wp-content\/uploads\/2025\/02\/Untitled-design-4-1536x1024.jpg 1536w, https:\/\/ctneuron.rs\/wp-content\/uploads\/2025\/02\/Untitled-design-4-2048x1365.jpg 2048w\" sizes=\"(max-width: 2560px) 100vw, 2560px\" \/>\t\t\t<\/div>\n            \t<div class=\"qodef-social-icon\">\n\t\t\t\t\t\t<a class=\"qodef-team-member-social-icon\" href=\"mailto:danica.popovic@bio.bg.ac.rs\" target=\"_blank\">\n\t\t\t\t\tdanica.popovic@bio.bg.ac.rs\t\t\t\t<\/a>\n\t\t\t\t\t\t\t\t\t<a class=\"qodef-team-member-social-icon\" href=\"https:\/\/ctneuron.rs\/en\/danica-popovc\/\" target=\"_self\">\n\t\t\t\t\tBiography\t\t\t\t<\/a>\n\t\t\t\t\t\t<\/div>\n\t\t<\/div>\n\t\t<div class=\"qodef-e-content\" style=\"margin-top:0px\">\n            <h4 itemprop=\"name\" class=\"qodef-e-title entry-title\" >\n\t\t\tDanica Popovi\u0107\t<\/h4>\n\t\t\t\t<p class=\"qodef-e-role\">JUNIOR RESEARCH ASSISTANT<\/p>\n\t\t\t\t\t<\/div>\n\t<\/div>\n<\/div>\n<div class=\"qodef-e qodef-grid-item  post-9958 team type-team status-publish has-post-thumbnail hentry\">\n\t<div class=\"qodef-e-inner\">\n\t\t<div class=\"qodef-e-image\">\n\t\t\t\t<div class=\"qodef-e-media-image\">\n\t\t\t\t\t<img loading=\"lazy\" decoding=\"async\" width=\"2560\" height=\"1707\" src=\"https:\/\/ctneuron.rs\/wp-content\/uploads\/2025\/02\/Teodora-Martic-scaled.jpg\" class=\"attachment-full size-full wp-post-image\" alt=\"\" srcset=\"https:\/\/ctneuron.rs\/wp-content\/uploads\/2025\/02\/Teodora-Martic-scaled.jpg 2560w, https:\/\/ctneuron.rs\/wp-content\/uploads\/2025\/02\/Teodora-Martic-300x200.jpg 300w, https:\/\/ctneuron.rs\/wp-content\/uploads\/2025\/02\/Teodora-Martic-1024x683.jpg 1024w, https:\/\/ctneuron.rs\/wp-content\/uploads\/2025\/02\/Teodora-Martic-768x512.jpg 768w, https:\/\/ctneuron.rs\/wp-content\/uploads\/2025\/02\/Teodora-Martic-1536x1024.jpg 1536w, https:\/\/ctneuron.rs\/wp-content\/uploads\/2025\/02\/Teodora-Martic-2048x1365.jpg 2048w\" sizes=\"(max-width: 2560px) 100vw, 2560px\" \/>\t\t\t<\/div>\n            \t<div class=\"qodef-social-icon\">\n\t\t\t\t\t\t<a class=\"qodef-team-member-social-icon\" href=\"mailto:teodora.martic@bio.bg.ac.rs\" target=\"_blank\">\n\t\t\t\t\tteodora.martic@bio.bg.ac.rs\t\t\t\t<\/a>\n\t\t\t\t\t\t\t\t\t<a class=\"qodef-team-member-social-icon\" href=\"#\" target=\"_blank\">\n\t\t\t\t\tBiography\t\t\t\t<\/a>\n\t\t\t\t\t\t<\/div>\n\t\t<\/div>\n\t\t<div class=\"qodef-e-content\" style=\"margin-top:0px\">\n            <h4 itemprop=\"name\" class=\"qodef-e-title entry-title\" >\n\t\t\tTeodora Marti\u0107\t<\/h4>\n\t\t\t\t<p class=\"qodef-e-role\">JUNIOR RESEARCH ASSISTANT<\/p>\n\t\t\t\t\t<\/div>\n\t<\/div>\n<\/div>\n<div class=\"qodef-e qodef-grid-item  post-9960 team type-team status-publish has-post-thumbnail hentry team-category-main-home\">\n\t<div class=\"qodef-e-inner\">\n\t\t<div class=\"qodef-e-image\">\n\t\t\t\t<div class=\"qodef-e-media-image\">\n\t\t\t\t\t<img loading=\"lazy\" decoding=\"async\" width=\"2560\" height=\"1707\" src=\"https:\/\/ctneuron.rs\/wp-content\/uploads\/2025\/02\/Untitled-design-5-scaled.jpg\" class=\"attachment-full size-full wp-post-image\" alt=\"\" srcset=\"https:\/\/ctneuron.rs\/wp-content\/uploads\/2025\/02\/Untitled-design-5-scaled.jpg 2560w, https:\/\/ctneuron.rs\/wp-content\/uploads\/2025\/02\/Untitled-design-5-300x200.jpg 300w, https:\/\/ctneuron.rs\/wp-content\/uploads\/2025\/02\/Untitled-design-5-1024x683.jpg 1024w, https:\/\/ctneuron.rs\/wp-content\/uploads\/2025\/02\/Untitled-design-5-768x512.jpg 768w, https:\/\/ctneuron.rs\/wp-content\/uploads\/2025\/02\/Untitled-design-5-1536x1024.jpg 1536w, https:\/\/ctneuron.rs\/wp-content\/uploads\/2025\/02\/Untitled-design-5-2048x1365.jpg 2048w\" sizes=\"(max-width: 2560px) 100vw, 2560px\" \/>\t\t\t<\/div>\n            \t<div class=\"qodef-social-icon\">\n\t\t\t\t\t\t<a class=\"qodef-team-member-social-icon\" href=\"mailto:anastasovmarinaa@gmail.com\" target=\"_blank\">\n\t\t\t\t\tanastasovmarinaa@gmail.com\t\t\t\t<\/a>\n\t\t\t\t\t\t\t\t\t<a class=\"qodef-team-member-social-icon\" href=\"https:\/\/ctneuron.rs\/en\/marina-anastasov\/\" target=\"_self\">\n\t\t\t\t\tBiography\t\t\t\t<\/a>\n\t\t\t\t\t\t<\/div>\n\t\t<\/div>\n\t\t<div class=\"qodef-e-content\" style=\"margin-top:0px\">\n            <h4 itemprop=\"name\" class=\"qodef-e-title entry-title\" >\n\t\t\tMarina Anastasov\t<\/h4>\n\t\t\t\t<p class=\"qodef-e-role\">BSc MOLECULAR BIOLOGY AND PHYSIOLOGY<\/p>\n\t\t\t\t\t<\/div>\n\t<\/div>\n<\/div>\n\t<\/div>\n\t<\/div>\n\t\t\t\t<\/div>\n\t\t\t\t<\/div>\n\t\t\t\t\t<\/div>\n\t\t<\/div>\n\t\t\t\t\t<\/div>\n\t\t<\/section>\n\t\t\t\t<\/div>","protected":false},"excerpt":{"rendered":"<p>nnedel@bio.bg.ac.rs Biografija Dr Nade\u017eda Nedeljkovi\u0107 Redovni profesor milorad.dragic@bio.bg.ac.rs Biografija Dr Milorad Dragi\u0107 Docent danijela@bio.bg.ac.rs Biografija Dr Danijela Laketa vanredni profesor amarija@bio.bg.ac.rs Biografija Dr Marija Ad\u017ei\u0107 Bukvi\u0107 vi\u0161i nau\u010dni saradnik sanjas@bio.bg.ac.rs Biografija Dr Sanja Daci\u0107 docent milica.zeljkovic@bio.bg.ac.rs Biografija Dr Milica Zeljkovi\u0107 Jovanovi\u0107 nau\u010dni saradnik marinazaric2790@gmail.com Biografija Dr Marina Zari\u0107 Konti\u0107 Vi\u0161i nau\u010dni saradnik andjela.stekic@bio.bg.ac.rs Biografija An\u0111ela [&hellip;]<\/p>","protected":false},"author":1,"featured_media":0,"parent":0,"menu_order":0,"comment_status":"closed","ping_status":"closed","template":"","meta":{"footnotes":""},"class_list":["post-6575","page","type-page","status-publish","hentry"],"_links":{"self":[{"href":"https:\/\/ctneuron.rs\/en\/wp-json\/wp\/v2\/pages\/6575","targetHints":{"allow":["GET"]}}],"collection":[{"href":"https:\/\/ctneuron.rs\/en\/wp-json\/wp\/v2\/pages"}],"about":[{"href":"https:\/\/ctneuron.rs\/en\/wp-json\/wp\/v2\/types\/page"}],"author":[{"embeddable":true,"href":"https:\/\/ctneuron.rs\/en\/wp-json\/wp\/v2\/users\/1"}],"replies":[{"embeddable":true,"href":"https:\/\/ctneuron.rs\/en\/wp-json\/wp\/v2\/comments?post=6575"}],"version-history":[{"count":48,"href":"https:\/\/ctneuron.rs\/en\/wp-json\/wp\/v2\/pages\/6575\/revisions"}],"predecessor-version":[{"id":13204,"href":"https:\/\/ctneuron.rs\/en\/wp-json\/wp\/v2\/pages\/6575\/revisions\/13204"}],"wp:attachment":[{"href":"https:\/\/ctneuron.rs\/en\/wp-json\/wp\/v2\/media?parent=6575"}],"curies":[{"name":"wp","href":"https:\/\/api.w.org\/{rel}","templated":true}]}}