{"id":6106,"date":"2022-11-14T13:26:13","date_gmt":"2022-11-14T13:26:13","guid":{"rendered":"https:\/\/marity.qodeinteractive.com\/?page_id=6106"},"modified":"2025-04-02T08:25:06","modified_gmt":"2025-04-02T08:25:06","slug":"usluge","status":"publish","type":"page","link":"https:\/\/ctneuron.rs\/en\/usluge\/","title":{"rendered":"Services and Price"},"content":{"rendered":"<div data-elementor-type=\"wp-page\" data-elementor-id=\"6106\" class=\"elementor elementor-6106\">\n\t\t\t\t\t\t<section class=\"elementor-section elementor-top-section elementor-element elementor-element-c4ae8d0 elementor-section-boxed elementor-section-height-default elementor-section-height-default\" data-id=\"c4ae8d0\" data-element_type=\"section\" data-settings=\"{&quot;background_background&quot;:&quot;classic&quot;}\">\n\t\t\t\t\t\t<div class=\"elementor-container elementor-column-gap-no\">\n\t\t\t\t\t<div class=\"elementor-column elementor-col-100 elementor-top-column elementor-element elementor-element-85b9c5e\" data-id=\"85b9c5e\" data-element_type=\"column\">\n\t\t\t<div class=\"elementor-widget-wrap elementor-element-populated\">\n\t\t\t\t\t\t<div class=\"elementor-element elementor-element-ba3feff elementor-widget elementor-widget-marity_core_section_title\" data-id=\"ba3feff\" data-element_type=\"widget\" data-widget_type=\"marity_core_section_title.default\">\n\t\t\t\t<div class=\"elementor-widget-container\">\n\t\t\t\t\t<div class=\"qodef-shortcode qodef-m  qodef-section-title qodef-show_supertitle--no qodef-alignment--left\">\n    \t\t<h1 class=\"qodef-m-title\" >\n\t\t\t\t\tOpen-Flow Microdialysis Price List\t\t\t<\/h1>\n\t    <\/div>\n\t\t\t\t<\/div>\n\t\t\t\t<\/div>\n\t\t\t\t<section class=\"elementor-section elementor-inner-section elementor-element elementor-element-398f7fc elementor-section-full_width elementor-section-height-default elementor-section-height-default\" data-id=\"398f7fc\" data-element_type=\"section\">\n\t\t\t\t\t\t<div class=\"elementor-container elementor-column-gap-no\">\n\t\t\t\t\t<div class=\"elementor-column elementor-col-50 elementor-inner-column elementor-element elementor-element-cd544f3\" data-id=\"cd544f3\" data-element_type=\"column\">\n\t\t\t<div class=\"elementor-widget-wrap elementor-element-populated\">\n\t\t\t\t\t\t<div class=\"elementor-element elementor-element-867da47 cene elementor-widget elementor-widget-marity_core_pricing_table\" data-id=\"867da47\" data-element_type=\"widget\" data-widget_type=\"marity_core_pricing_table.default\">\n\t\t\t\t<div class=\"elementor-widget-container\">\n\t\t\t\t\t<div class=\"qodef-shortcode qodef-m  qodef-pricing-table qodef-layout--standard qodef-status--featured qodef-glossy-box--no\" >\n            <div id=\"qodef-svg-morph-2245\" class=\"qodef-svg-morph-holder qodef-type-1\" >\n            <svg class=\"qodef-svg--morph-shape-1\" xmlns=\"http:\/\/www.w3.org\/2000\/svg\" width=\"684.0455\" height=\"438.6857\" viewbox=\"0 0 684.0455 438.6857\"><path fill=\"currentColor\" d=\"M 676 170.7 C 656.8 126.9 593.6 102.2 550.3 119.4 C 461 154.7 470.3 105.7 458.7 66.7 C 453.7 -0.4 396.1 -8.5 357 8.6 C 335.2 18.1 325.2 53 320 74 L 319.9 73.9 Q 319.8 74.3 319.7 74.8 A 54.7 54.7 0 0 1 250.3 113.7 C 232.6 108.1 216 84.6 175.1 82.9 C 79.3 79.1 -0 168 -0 254.6 S 83.1 439.6 179 439.6 C 259.6 439.6 288.3 341.6 320 297.6 C 354 250.5 431.4 268.9 473.7 308.6 C 505.4 339.5 563 368.2 607.2 348.9 C 664.9 323.7 698.6 225.7 676 172.9 Z\" \/><path fill=\"currentColor\" d=\"M 690.9 102.3 C 671.7 58.5 606.9 20.1 569.1 47.4 C 488.1 106.1 444.3 97.4 432.7 58.4 C 427.7 -8.7 384.7 -4.8 345.6 12.3 C 323.8 21.8 325.2 53 320 74 C 320 74 319.9 73.9 319.9 73.9 C 319.8 74.2 319.8 74.5 319.7 74.8 C 316 89.4 327.6 123.3 275.6 146 C 261.8 152 217.2 119.8 210.8 106.3 C 178 37.5 148 44.3 107.1 42.6 C 11.3 38.8 -8 199 -8 285.6 C -8 372.2 83.1 439.6 179 439.6 C 259.6 439.6 277.3 354.6 291.8 302.4 C 306.8 248.2 414.6 224.8 436.4 278.6 C 465.2 350 531.8 368 575.8 348 C 638 319.7 717.3 274.4 692.9 104.1 C 692.9 103.4 690.9 103 690.9 102.3\" \/><\/svg>        <\/div>\n        <div class=\"qodef-m-inner\">\n\t\t\t<div class=\"qodef-m-title\">\n\t\t<h4 >BRAIN INTERSTITIAL FLUID SAMPLING<\/h4>\n\t<\/div>\n\t\t\t\t\t<div class=\"qodef-m-content\"><ul class=\"qodef-price-list\"><li>Rats: <em>Wistar<\/em> (1 animal) = 1.000 RSD<\/li><li>Rats: <em>Dark Agouti <\/em>(1 animal) = 900 RSD<\/li><li>Animal maintenance (bedding + food + water) per day = 350 RSD<\/li><li>One sampling probe set (sampling probe + guide + healing probe) = 30,000 RSD<\/li><li>Animal surgery, postoperative care, and monitoring (for 3 animals) = 15,000 RSD<\/li><li>Perfusion pump operation per day = 4,500 RSD (operator cost included)<\/li><li>Use of specialized cages for fluid collection per day = 3,000 RSD<\/li><\/ul><\/div>\n\t\t\t<div class=\"qodef-m-button clear\">\n\t\t<a class=\"qodef-shortcode qodef-m  qodef-button qodef-layout--textual  qodef-html--link\" href=\"\" target=\"_self\"  >\t<span class=\"qodef-btn-text\"><\/span>    <span class=\"qodef-btn-arrow\"><svg class=\"qodef-svg--button-arrow\" xmlns=\"http:\/\/www.w3.org\/2000\/svg\" width=\"11.9\" height=\"11.9\" viewbox=\"0 0 11.9 11.9\"><g><path d=\"M0 .5h11.372v11.354\"\/><path stroke-width=\".75\" d=\"M11.3715.5.7587 11.1128\"\/><\/g><g><path d=\"M0 .5h11.372v11.354\"\/><path stroke-width=\".75\" d=\"M11.3715.5.7587 11.1128\"\/><\/g><\/svg><\/span><\/a>\t<\/div>\n\t<\/div>\n<\/div>\n\t\t\t\t<\/div>\n\t\t\t\t<\/div>\n\t\t\t\t\t<\/div>\n\t\t<\/div>\n\t\t\t\t<div class=\"elementor-column elementor-col-50 elementor-inner-column elementor-element elementor-element-5588fde cena\" data-id=\"5588fde\" data-element_type=\"column\">\n\t\t\t<div class=\"elementor-widget-wrap elementor-element-populated\">\n\t\t\t\t\t\t<div class=\"elementor-element elementor-element-81e73fc cene elementor-widget elementor-widget-marity_core_pricing_table\" data-id=\"81e73fc\" data-element_type=\"widget\" data-widget_type=\"marity_core_pricing_table.default\">\n\t\t\t\t<div class=\"elementor-widget-container\">\n\t\t\t\t\t<div class=\"qodef-shortcode qodef-m cene qodef-pricing-table qodef-layout--standard qodef-status--regular qodef-glossy-box--no\" >\n            <div id=\"qodef-svg-morph-6714\" class=\"qodef-svg-morph-holder qodef-type-3\" >\n            <svg class=\"qodef-svg--morph-shape-3\" xmlns=\"http:\/\/www.w3.org\/2000\/svg\" width=\"684.0455\" height=\"438.6857\" viewbox=\"0 0 684.0455 438.6857\"><path fill=\"currentColor\" d=\"M676,170.6857c-19.1719-43.8221-82.4219-68.4635-125.6894-51.3418C461,154.6857,470.32,105.6714,458.6551,66.7407l.0437-.8858C453.6667-1.3143,396.0838-9.3911,357,7.6857c-21.7781,9.5155-31.8053,44.4042-36.9586,65.4035l-.0622-.0678q-.11.4457-.22.8874a54.6834,54.6834,0,0,1-69.3978,38.8666C232.6,107.2437,216,83.6857,175.1463,82.05,79.2979,78.2117,0,167.13,0,253.6857s83.0748,185,179,185c80.5947,0,109.3043-98.0431,141-142,33.9663-47.1059,111.3505-28.7363,153.7259,10.9855q.8977.8418,1.7791,1.7026l0-.0049C507.1817,340.2953,564.79,369.0026,609,349.6857,666.6718,324.4872,700.4354,226.5382,676,170.6857Z\" \/><path fill=\"currentColor\" d=\"M660.9843,184.3426c-19.1719-43.8221-64.2771-68.5466-110.6737-64.9987-65.2547,4.08-79.9906-13.6725-91.6555-52.6033l-.0315.0353c-12.2216-40.6713-57.7924-59.94-96.8762-42.8634a72.6641,72.6641,0,0,0-41.706,49.1767l-.0622-.0678q-.11.4457-.22.8874a54.6834,54.6834,0,0,1-69.3978,38.8666,190.4579,190.4579,0,0,0-56.6739-8.5372C97.7626,104.2383,20,174.406,20,260.962S97.7626,417.6857,193.6878,417.6857c55.3825,0,104.3158-51.4613,136.0115-95.4183,33.9663-47.1059,101.6512-54.318,144.0266-14.5963q.8977.8418,1.7791,1.7026l0-.0049c31.6764,30.9265,81.089,41.0468,125.2992,21.73C658.4763,305.9,685.42,240.1952,660.9843,184.3426Z\" \/><\/svg>;        <\/div>\n        <div class=\"qodef-m-inner\">\n\t\t\t<div class=\"qodef-m-title\">\n\t\t<h4 >COST EXAMPLE FOR 3 ANIMALS FOR ONE SAMPLING SESSION<\/h4>\n\t<\/div>\n\t\t\t\t\t<div class=\"qodef-m-content\"><ul class=\"qodef-price-list\"><li>3 Wistar rats = 3,000 RSD<\/li><li>Rat housing for 20 days = 7,000 RSD<\/li><li>3 sample sets = 90,000 RSD<\/li><li>Surgery for 3 animals = 5,000 RSD<\/li><li>Pump operation for one day = 4,500 RSD<\/li><li>Cages x 3 = 9,000 RSD<\/li><\/ul><\/div>\n\t\t\t<div class=\"qodef-m-button clear\">\n\t\t<a class=\"qodef-shortcode qodef-m  qodef-button qodef-layout--outlined qodef-size--small qodef-html--link\" href=\"#\" target=\"_self\"  >\t<span class=\"qodef-btn-text\">TOTAL 128,500 RSD<\/span><\/a>\t<\/div>\n\t<\/div>\n<\/div>\n\t\t\t\t<\/div>\n\t\t\t\t<\/div>\n\t\t\t\t\t<\/div>\n\t\t<\/div>\n\t\t\t\t\t<\/div>\n\t\t<\/section>\n\t\t\t\t\t<\/div>\n\t\t<\/div>\n\t\t\t\t\t<\/div>\n\t\t<\/section>\n\t\t\t\t<section class=\"elementor-section elementor-top-section elementor-element elementor-element-79b55f1 elementor-section-boxed elementor-section-height-default elementor-section-height-default\" data-id=\"79b55f1\" data-element_type=\"section\" data-settings=\"{&quot;background_background&quot;:&quot;classic&quot;}\">\n\t\t\t\t\t\t<div class=\"elementor-container elementor-column-gap-no\">\n\t\t\t\t\t<div class=\"elementor-column elementor-col-100 elementor-top-column elementor-element elementor-element-ea61cd3\" data-id=\"ea61cd3\" data-element_type=\"column\">\n\t\t\t<div class=\"elementor-widget-wrap elementor-element-populated\">\n\t\t\t\t\t\t<div class=\"elementor-element elementor-element-35f5e54 elementor-widget elementor-widget-marity_core_section_title\" data-id=\"35f5e54\" data-element_type=\"widget\" data-widget_type=\"marity_core_section_title.default\">\n\t\t\t\t<div class=\"elementor-widget-container\">\n\t\t\t\t\t<div class=\"qodef-shortcode qodef-m  qodef-section-title qodef-show_supertitle--no qodef-alignment--left\">\n    \t\t<h1 class=\"qodef-m-title\" >\n\t\t\t\t\tHisto Lab Price List\t\t\t<\/h1>\n\t    <\/div>\n\t\t\t\t<\/div>\n\t\t\t\t<\/div>\n\t\t\t\t<section class=\"elementor-section elementor-inner-section elementor-element elementor-element-fc65344 elementor-section-full_width elementor-section-height-default elementor-section-height-default\" data-id=\"fc65344\" data-element_type=\"section\">\n\t\t\t\t\t\t<div class=\"elementor-container elementor-column-gap-no\">\n\t\t\t\t\t<div class=\"elementor-column elementor-col-50 elementor-inner-column elementor-element elementor-element-4ea5e10\" data-id=\"4ea5e10\" data-element_type=\"column\">\n\t\t\t<div class=\"elementor-widget-wrap elementor-element-populated\">\n\t\t\t\t\t\t<div class=\"elementor-element elementor-element-7570198 cene elementor-widget elementor-widget-marity_core_pricing_table\" data-id=\"7570198\" data-element_type=\"widget\" data-widget_type=\"marity_core_pricing_table.default\">\n\t\t\t\t<div class=\"elementor-widget-container\">\n\t\t\t\t\t<div class=\"qodef-shortcode qodef-m  qodef-pricing-table qodef-layout--standard qodef-status--featured qodef-glossy-box--no\" >\n            <div id=\"qodef-svg-morph-487\" class=\"qodef-svg-morph-holder qodef-type-1\" >\n            <svg class=\"qodef-svg--morph-shape-1\" xmlns=\"http:\/\/www.w3.org\/2000\/svg\" width=\"684.0455\" height=\"438.6857\" viewbox=\"0 0 684.0455 438.6857\"><path fill=\"currentColor\" d=\"M 676 170.7 C 656.8 126.9 593.6 102.2 550.3 119.4 C 461 154.7 470.3 105.7 458.7 66.7 C 453.7 -0.4 396.1 -8.5 357 8.6 C 335.2 18.1 325.2 53 320 74 L 319.9 73.9 Q 319.8 74.3 319.7 74.8 A 54.7 54.7 0 0 1 250.3 113.7 C 232.6 108.1 216 84.6 175.1 82.9 C 79.3 79.1 -0 168 -0 254.6 S 83.1 439.6 179 439.6 C 259.6 439.6 288.3 341.6 320 297.6 C 354 250.5 431.4 268.9 473.7 308.6 C 505.4 339.5 563 368.2 607.2 348.9 C 664.9 323.7 698.6 225.7 676 172.9 Z\" \/><path fill=\"currentColor\" d=\"M 690.9 102.3 C 671.7 58.5 606.9 20.1 569.1 47.4 C 488.1 106.1 444.3 97.4 432.7 58.4 C 427.7 -8.7 384.7 -4.8 345.6 12.3 C 323.8 21.8 325.2 53 320 74 C 320 74 319.9 73.9 319.9 73.9 C 319.8 74.2 319.8 74.5 319.7 74.8 C 316 89.4 327.6 123.3 275.6 146 C 261.8 152 217.2 119.8 210.8 106.3 C 178 37.5 148 44.3 107.1 42.6 C 11.3 38.8 -8 199 -8 285.6 C -8 372.2 83.1 439.6 179 439.6 C 259.6 439.6 277.3 354.6 291.8 302.4 C 306.8 248.2 414.6 224.8 436.4 278.6 C 465.2 350 531.8 368 575.8 348 C 638 319.7 717.3 274.4 692.9 104.1 C 692.9 103.4 690.9 103 690.9 102.3\" \/><\/svg>        <\/div>\n        <div class=\"qodef-m-inner\">\n\t\t\t<div class=\"qodef-m-title\">\n\t\t<h4 >BASIC PACKAGE  <\/h4>\n\t<\/div>\n\t\t\t\t\t<div class=\"qodef-m-content\"><p style=\"text-align:left\"><strong>Preparation and immunohistochemical staining of samples<\/strong><\/p>\n<ul class=\"qodef-price-list\">\n \t<li><em>Superfrost slides (15-20 pcs)<\/em> = 1,000 RSD<\/li>\n \t<li><em>Brain or brain structure sectioning with a cryostat (15-20 slides per sample)<\/em>= 4,000 RSD<\/li>\n<\/ul>\n<ul>\n \t<li><em>Immunohistochemical staining with client-supplied antibodies<\/em>\u00a0= 6,000 RSD<\/li>\n<\/ul>\n<em>*** CTN antibodies are charged additionally (+40% of the total package price<\/em>)<\/div>\n\t\t\t<div class=\"qodef-m-button clear\">\n\t\t<a class=\"qodef-shortcode qodef-m  qodef-button qodef-layout--outlined qodef-size--small qodef-html--link\" href=\"#\" target=\"_self\"  >\t<span class=\"qodef-btn-text\">TOTAL 11,000 RSD per sample<\/span><\/a>\t<\/div>\n\t<\/div>\n<\/div>\n\t\t\t\t<\/div>\n\t\t\t\t<\/div>\n\t\t\t\t<div class=\"elementor-element elementor-element-e0518ba cene elementor-widget elementor-widget-marity_core_pricing_table\" data-id=\"e0518ba\" data-element_type=\"widget\" data-widget_type=\"marity_core_pricing_table.default\">\n\t\t\t\t<div class=\"elementor-widget-container\">\n\t\t\t\t\t<div class=\"qodef-shortcode qodef-m  qodef-pricing-table qodef-layout--standard qodef-status--featured qodef-glossy-box--no\" >\n            <div id=\"qodef-svg-morph-2581\" class=\"qodef-svg-morph-holder qodef-type-1\" >\n            <svg class=\"qodef-svg--morph-shape-1\" xmlns=\"http:\/\/www.w3.org\/2000\/svg\" width=\"684.0455\" height=\"438.6857\" viewbox=\"0 0 684.0455 438.6857\"><path fill=\"currentColor\" d=\"M 676 170.7 C 656.8 126.9 593.6 102.2 550.3 119.4 C 461 154.7 470.3 105.7 458.7 66.7 C 453.7 -0.4 396.1 -8.5 357 8.6 C 335.2 18.1 325.2 53 320 74 L 319.9 73.9 Q 319.8 74.3 319.7 74.8 A 54.7 54.7 0 0 1 250.3 113.7 C 232.6 108.1 216 84.6 175.1 82.9 C 79.3 79.1 -0 168 -0 254.6 S 83.1 439.6 179 439.6 C 259.6 439.6 288.3 341.6 320 297.6 C 354 250.5 431.4 268.9 473.7 308.6 C 505.4 339.5 563 368.2 607.2 348.9 C 664.9 323.7 698.6 225.7 676 172.9 Z\" \/><path fill=\"currentColor\" d=\"M 690.9 102.3 C 671.7 58.5 606.9 20.1 569.1 47.4 C 488.1 106.1 444.3 97.4 432.7 58.4 C 427.7 -8.7 384.7 -4.8 345.6 12.3 C 323.8 21.8 325.2 53 320 74 C 320 74 319.9 73.9 319.9 73.9 C 319.8 74.2 319.8 74.5 319.7 74.8 C 316 89.4 327.6 123.3 275.6 146 C 261.8 152 217.2 119.8 210.8 106.3 C 178 37.5 148 44.3 107.1 42.6 C 11.3 38.8 -8 199 -8 285.6 C -8 372.2 83.1 439.6 179 439.6 C 259.6 439.6 277.3 354.6 291.8 302.4 C 306.8 248.2 414.6 224.8 436.4 278.6 C 465.2 350 531.8 368 575.8 348 C 638 319.7 717.3 274.4 692.9 104.1 C 692.9 103.4 690.9 103 690.9 102.3\" \/><\/svg>        <\/div>\n        <div class=\"qodef-m-inner\">\n\t\t\t<div class=\"qodef-m-title\">\n\t\t<h4 >MICROSCOPY<\/h4>\n\t<\/div>\n\t\t\t\t\t<div class=\"qodef-m-content\"><ul class=\"qodef-price-list\"><li><em>Light microscopy<\/em> = 1,500 RSD<\/li><li><em>Confocal microscopy <\/em>= 3,500 RSD<p><em>** Microscope usage fee = 500 RSD + 1,000 RSD per hour for operator<\/em><\/p><p><em>*** Confocal microscope usage fee = 2,000 RSD + 1,500 RSD per hour for operator<\/em><\/p><\/li><\/ul><\/div>\n\t\t\t<div class=\"qodef-m-button clear\">\n\t\t<a class=\"qodef-shortcode qodef-m  qodef-button qodef-layout--textual  qodef-html--link\" href=\"\" target=\"_self\"  >\t<span class=\"qodef-btn-text\"><\/span>    <span class=\"qodef-btn-arrow\"><svg class=\"qodef-svg--button-arrow\" xmlns=\"http:\/\/www.w3.org\/2000\/svg\" width=\"11.9\" height=\"11.9\" viewbox=\"0 0 11.9 11.9\"><g><path d=\"M0 .5h11.372v11.354\"\/><path stroke-width=\".75\" d=\"M11.3715.5.7587 11.1128\"\/><\/g><g><path d=\"M0 .5h11.372v11.354\"\/><path stroke-width=\".75\" d=\"M11.3715.5.7587 11.1128\"\/><\/g><\/svg><\/span><\/a>\t<\/div>\n\t<\/div>\n<\/div>\n\t\t\t\t<\/div>\n\t\t\t\t<\/div>\n\t\t\t\t\t<\/div>\n\t\t<\/div>\n\t\t\t\t<div class=\"elementor-column elementor-col-50 elementor-inner-column elementor-element elementor-element-6f117aa\" data-id=\"6f117aa\" data-element_type=\"column\">\n\t\t\t<div class=\"elementor-widget-wrap elementor-element-populated\">\n\t\t\t\t\t\t<div class=\"elementor-element elementor-element-3048c85 cene elementor-widget elementor-widget-marity_core_pricing_table\" data-id=\"3048c85\" data-element_type=\"widget\" data-widget_type=\"marity_core_pricing_table.default\">\n\t\t\t\t<div class=\"elementor-widget-container\">\n\t\t\t\t\t<div class=\"qodef-shortcode qodef-m  qodef-pricing-table qodef-layout--standard qodef-status--featured qodef-glossy-box--no\" >\n            <div id=\"qodef-svg-morph-3391\" class=\"qodef-svg-morph-holder qodef-type-3\" >\n            <svg class=\"qodef-svg--morph-shape-3\" xmlns=\"http:\/\/www.w3.org\/2000\/svg\" width=\"684.0455\" height=\"438.6857\" viewbox=\"0 0 684.0455 438.6857\"><path fill=\"currentColor\" d=\"M676,170.6857c-19.1719-43.8221-82.4219-68.4635-125.6894-51.3418C461,154.6857,470.32,105.6714,458.6551,66.7407l.0437-.8858C453.6667-1.3143,396.0838-9.3911,357,7.6857c-21.7781,9.5155-31.8053,44.4042-36.9586,65.4035l-.0622-.0678q-.11.4457-.22.8874a54.6834,54.6834,0,0,1-69.3978,38.8666C232.6,107.2437,216,83.6857,175.1463,82.05,79.2979,78.2117,0,167.13,0,253.6857s83.0748,185,179,185c80.5947,0,109.3043-98.0431,141-142,33.9663-47.1059,111.3505-28.7363,153.7259,10.9855q.8977.8418,1.7791,1.7026l0-.0049C507.1817,340.2953,564.79,369.0026,609,349.6857,666.6718,324.4872,700.4354,226.5382,676,170.6857Z\" \/><path fill=\"currentColor\" d=\"M660.9843,184.3426c-19.1719-43.8221-64.2771-68.5466-110.6737-64.9987-65.2547,4.08-79.9906-13.6725-91.6555-52.6033l-.0315.0353c-12.2216-40.6713-57.7924-59.94-96.8762-42.8634a72.6641,72.6641,0,0,0-41.706,49.1767l-.0622-.0678q-.11.4457-.22.8874a54.6834,54.6834,0,0,1-69.3978,38.8666,190.4579,190.4579,0,0,0-56.6739-8.5372C97.7626,104.2383,20,174.406,20,260.962S97.7626,417.6857,193.6878,417.6857c55.3825,0,104.3158-51.4613,136.0115-95.4183,33.9663-47.1059,101.6512-54.318,144.0266-14.5963q.8977.8418,1.7791,1.7026l0-.0049c31.6764,30.9265,81.089,41.0468,125.2992,21.73C658.4763,305.9,685.42,240.1952,660.9843,184.3426Z\" \/><\/svg>;        <\/div>\n        <div class=\"qodef-m-inner\">\n\t\t\t<div class=\"qodef-m-title\">\n\t\t<h4 >COMPLETE PACKAGE <\/h4>\n\t<\/div>\n\t\t\t\t\t<div class=\"qodef-m-content\"><p style=\"text-align:left\"><strong style=\"text-align: left;\">Preparation and immunohistochemical staining of samples<\/strong><\/p>\n<ul class=\"qodef-price-list\">\n \t<li>Superfrost slides (15-20 pcs) = 1,000 RSD<\/li>\n \t<li>Brain or brain structure sectioning with a cryostat (15-20 slides per sample) = 4,000 RSD<\/li>\n \t<li>Immunohistochemical staining with CTN antibodies = 10,400 RSD<\/li>\n \t<li>Analysis and interpretation of results by an expert = 10,000 RSD<\/li>\n<\/ul><\/div>\n\t\t\t<div class=\"qodef-m-button clear\">\n\t\t<a class=\"qodef-shortcode qodef-m  qodef-button qodef-layout--outlined qodef-size--small qodef-html--link\" href=\"#\" target=\"_self\"  >\t<span class=\"qodef-btn-text\">TOTAL 15,400 RSD per sample<\/span><\/a>\t<\/div>\n\t<\/div>\n<\/div>\n\t\t\t\t<\/div>\n\t\t\t\t<\/div>\n\t\t\t\t<div class=\"elementor-element elementor-element-ac034a2 cene elementor-widget elementor-widget-marity_core_pricing_table\" data-id=\"ac034a2\" data-element_type=\"widget\" data-widget_type=\"marity_core_pricing_table.default\">\n\t\t\t\t<div class=\"elementor-widget-container\">\n\t\t\t\t\t<div class=\"qodef-shortcode qodef-m  qodef-pricing-table qodef-layout--standard qodef-status--featured qodef-glossy-box--no\" >\n            <div id=\"qodef-svg-morph-9010\" class=\"qodef-svg-morph-holder qodef-type-3\" >\n            <svg class=\"qodef-svg--morph-shape-3\" xmlns=\"http:\/\/www.w3.org\/2000\/svg\" width=\"684.0455\" height=\"438.6857\" viewbox=\"0 0 684.0455 438.6857\"><path fill=\"currentColor\" d=\"M676,170.6857c-19.1719-43.8221-82.4219-68.4635-125.6894-51.3418C461,154.6857,470.32,105.6714,458.6551,66.7407l.0437-.8858C453.6667-1.3143,396.0838-9.3911,357,7.6857c-21.7781,9.5155-31.8053,44.4042-36.9586,65.4035l-.0622-.0678q-.11.4457-.22.8874a54.6834,54.6834,0,0,1-69.3978,38.8666C232.6,107.2437,216,83.6857,175.1463,82.05,79.2979,78.2117,0,167.13,0,253.6857s83.0748,185,179,185c80.5947,0,109.3043-98.0431,141-142,33.9663-47.1059,111.3505-28.7363,153.7259,10.9855q.8977.8418,1.7791,1.7026l0-.0049C507.1817,340.2953,564.79,369.0026,609,349.6857,666.6718,324.4872,700.4354,226.5382,676,170.6857Z\" \/><path fill=\"currentColor\" d=\"M660.9843,184.3426c-19.1719-43.8221-64.2771-68.5466-110.6737-64.9987-65.2547,4.08-79.9906-13.6725-91.6555-52.6033l-.0315.0353c-12.2216-40.6713-57.7924-59.94-96.8762-42.8634a72.6641,72.6641,0,0,0-41.706,49.1767l-.0622-.0678q-.11.4457-.22.8874a54.6834,54.6834,0,0,1-69.3978,38.8666,190.4579,190.4579,0,0,0-56.6739-8.5372C97.7626,104.2383,20,174.406,20,260.962S97.7626,417.6857,193.6878,417.6857c55.3825,0,104.3158-51.4613,136.0115-95.4183,33.9663-47.1059,101.6512-54.318,144.0266-14.5963q.8977.8418,1.7791,1.7026l0-.0049c31.6764,30.9265,81.089,41.0468,125.2992,21.73C658.4763,305.9,685.42,240.1952,660.9843,184.3426Z\" \/><\/svg>;        <\/div>\n        <div class=\"qodef-m-inner\">\n\t\t\t<div class=\"qodef-m-title\">\n\t\t<h4 >SERVICE EXAMPLE <\/h4>\n\t<\/div>\n\t\t\t\t\t<div class=\"qodef-m-content\"><p style=\"text-align:left\">Osnovni paket\u00a0 priprema i imunohistohemijsko bojenje bez mikroskopiranja:\n\nprimer za ukupno osam mozgova ili regiona od interesa: dve grupe po \u010detiri mozga po grupi <\/p>\n<ul class=\"qodef-price-list\">\n \t<li>Material costs (consumables and chemicals, 25%) = 22,000 RSD<\/li>\n \t<li>Compensation for lab personnel (25%) = 22,000 RSD<\/li>\n \t<li>Equipment maintenance costs = 17,600 RSD<\/li>\n \t<li>Overhead costs (20%) = 17,600 RSD<\/li>\n \t<li>Accumulation (10%) = 8,800 RSD<\/li>\n<\/ul><\/div>\n\t\t\t<div class=\"qodef-m-button clear\">\n\t\t<a class=\"qodef-shortcode qodef-m  qodef-button qodef-layout--outlined qodef-size--small qodef-html--link\" href=\"#\" target=\"_self\"  >\t<span class=\"qodef-btn-text\">TOTAL 88,000 RSD<\/span><\/a>\t<\/div>\n\t<\/div>\n<\/div>\n\t\t\t\t<\/div>\n\t\t\t\t<\/div>\n\t\t\t\t\t<\/div>\n\t\t<\/div>\n\t\t\t\t\t<\/div>\n\t\t<\/section>\n\t\t\t\t\t<\/div>\n\t\t<\/div>\n\t\t\t\t\t<\/div>\n\t\t<\/section>\n\t\t\t\t<\/div>","protected":false},"excerpt":{"rendered":"<p>Mikrodijaliza otvorenog protoka Cenovnik UZORKOVANJE ME\u0110U\u0106ELIJSKE TE\u010cNOSTI MOZGA Pacovi Wistar (1 \u017eivotinja) = 1.000 RSD Pacovi Dark Agouti (1 \u017eivotinja) = 900 RSD Odr\u017eavanje \u017eivotinja (\u0161u\u0161ka+hrana+voda) po danu = 350 RSD Jedan komplet proba (proba za uzorkovanje + vodilja + proba za zaceljivanje) = 30.000 RSD Operacije \u017eivotinja, postoperativna nega i pra\u0107enje (za 3 \u017eivotinje)= [&hellip;]<\/p>","protected":false},"author":1,"featured_media":0,"parent":0,"menu_order":0,"comment_status":"closed","ping_status":"closed","template":"page-full-width.php","meta":{"footnotes":""},"class_list":["post-6106","page","type-page","status-publish","hentry"],"_links":{"self":[{"href":"https:\/\/ctneuron.rs\/en\/wp-json\/wp\/v2\/pages\/6106","targetHints":{"allow":["GET"]}}],"collection":[{"href":"https:\/\/ctneuron.rs\/en\/wp-json\/wp\/v2\/pages"}],"about":[{"href":"https:\/\/ctneuron.rs\/en\/wp-json\/wp\/v2\/types\/page"}],"author":[{"embeddable":true,"href":"https:\/\/ctneuron.rs\/en\/wp-json\/wp\/v2\/users\/1"}],"replies":[{"embeddable":true,"href":"https:\/\/ctneuron.rs\/en\/wp-json\/wp\/v2\/comments?post=6106"}],"version-history":[{"count":65,"href":"https:\/\/ctneuron.rs\/en\/wp-json\/wp\/v2\/pages\/6106\/revisions"}],"predecessor-version":[{"id":13666,"href":"https:\/\/ctneuron.rs\/en\/wp-json\/wp\/v2\/pages\/6106\/revisions\/13666"}],"wp:attachment":[{"href":"https:\/\/ctneuron.rs\/en\/wp-json\/wp\/v2\/media?parent=6106"}],"curies":[{"name":"wp","href":"https:\/\/api.w.org\/{rel}","templated":true}]}}