{"id":5292,"date":"2022-11-10T13:09:35","date_gmt":"2022-11-10T13:09:35","guid":{"rendered":"https:\/\/marity.qodeinteractive.com\/?page_id=5292"},"modified":"2025-04-02T08:27:17","modified_gmt":"2025-04-02T08:27:17","slug":"kontakt","status":"publish","type":"page","link":"https:\/\/ctneuron.rs\/en\/kontakt\/","title":{"rendered":"Contact"},"content":{"rendered":"<div data-elementor-type=\"wp-page\" data-elementor-id=\"5292\" class=\"elementor elementor-5292\">\n\t\t\t\t<div class=\"elementor-element elementor-element-dd4eeff e-flex e-con-boxed e-con e-parent\" data-id=\"dd4eeff\" data-element_type=\"container\">\n\t\t\t\t\t<div class=\"e-con-inner\">\n\t\t\t\t<div class=\"elementor-element elementor-element-37db018 elementor-widget elementor-widget-marity_core_section_title\" data-id=\"37db018\" data-element_type=\"widget\" data-widget_type=\"marity_core_section_title.default\">\n\t\t\t\t<div class=\"elementor-widget-container\">\n\t\t\t\t\t<div class=\"qodef-shortcode qodef-m  qodef-section-title qodef-show_supertitle--no qodef-alignment--center\">\n    \t\t<h2 class=\"qodef-m-title\" >\n\t\t\t\t\tCenter for Translational Neurosciences (CTN)\t\t\t<\/h2>\n\t\t<p class=\"qodef-m-text\" style=\"margin-top: 20px;color: #5E5E5E\">Biolo\u0161ki fakultet Univerzitet u Beogradu<\/p>\n    <\/div>\n\t\t\t\t<\/div>\n\t\t\t\t<\/div>\n\t\t\t\t\t<\/div>\n\t\t\t\t<\/div>\n\t\t\t\t<section class=\"elementor-section elementor-top-section elementor-element elementor-element-40f3556 elementor-section-boxed elementor-section-height-default elementor-section-height-default\" data-id=\"40f3556\" data-element_type=\"section\" data-settings=\"{&quot;background_background&quot;:&quot;classic&quot;}\">\n\t\t\t\t\t\t<div class=\"elementor-container elementor-column-gap-no\">\n\t\t\t\t\t<div class=\"elementor-column elementor-col-100 elementor-top-column elementor-element elementor-element-6ed19c5\" data-id=\"6ed19c5\" data-element_type=\"column\">\n\t\t\t<div class=\"elementor-widget-wrap elementor-element-populated\">\n\t\t\t\t\t\t<section class=\"elementor-section elementor-inner-section elementor-element elementor-element-5b7b8d6 elementor-section-full_width elementor-section-height-default elementor-section-height-default\" data-id=\"5b7b8d6\" data-element_type=\"section\">\n\t\t\t\t\t\t<div class=\"elementor-container elementor-column-gap-wide\">\n\t\t\t\t\t<div class=\"elementor-column elementor-col-50 elementor-inner-column elementor-element elementor-element-59b6350\" data-id=\"59b6350\" data-element_type=\"column\" id=\"kontakt\">\n\t\t\t<div class=\"elementor-widget-wrap elementor-element-populated\">\n\t\t\t\t\t\t<div class=\"elementor-element elementor-element-4bf689b elementor-widget__width-inherit elementor-widget elementor-widget-marity_core_pricing_table\" data-id=\"4bf689b\" data-element_type=\"widget\" data-widget_type=\"marity_core_pricing_table.default\">\n\t\t\t\t<div class=\"elementor-widget-container\">\n\t\t\t\t\t<div class=\"qodef-shortcode qodef-m kontakt-info qodef-pricing-table qodef-layout--standard qodef-status--featured qodef-glossy-box--no\" >\n            <div id=\"qodef-svg-morph-1888\" class=\"qodef-svg-morph-holder qodef-type-2\" >\n            <svg class=\"qodef-svg--morph-shape-2\" xmlns=\"http:\/\/www.w3.org\/2000\/svg\" width=\"510.1197\" height=\"445.5398\" viewbox=\"0 0 510.1197 445.5398\"><path fill=\"currentColor\" d=\"M323.62,87S227.4807,76.2858,173.63,26.2075-22.8027-2.925,3.12,107.6667,29.9139,222.1808,15.62,295,10.0644,416.3612,64.7572,439.7316,193.04,407.1581,244.2863,425.6667c73.7776,26.6458,145.3425,41.4413,226.0793-57.6634,35.3489-43.3911,47.2463-90.1121,25.1763-144.3886C466.2863,151.6667,424.953,105,323.62,87Z\" \/><path fill=\"currentColor\" d=\"M314.0439,104.78S227.4807,76.2858,173.63,26.2075-19.6211-4.7466,6.3013,105.845,46.8108,223.8882,32.5166,296.7074,10.0644,416.3612,64.7572,439.7316s126.2646-57.7086,177.511-39.2c73.7776,26.6458,147.3606,66.5764,228.0975-32.5284,35.3489-43.3911,54.9722-93.9383,25.1763-144.3886C455.336,155.5379,387.4925,123.518,314.0439,104.78Z\" \/><\/svg>;        <\/div>\n        <div class=\"qodef-m-inner\">\n\t\t\t\t\t\t\t<div class=\"qodef-m-content\"><p>\u00a0<\/p><p>Studentski trg 3, 11158 Beograd, Srbija<\/p><p>Phone: +381648237989<\/p><p>Manager: dr Nade\u017eda Nedeljkovi\u0107<\/p><p>Deputy Manager: dr Milorad Dragi\u0107<\/p><p><a href=\"http:\/\/www.ctneuron@rs\">www.ctneuron@rs<\/a><\/p><p>Mail: <a href=\"mailto:ctneuron@bio.bg.ac.rs\">ctneuron@bio.bg.ac.rs<\/a>\u00a0<\/p><p>X -\u00a0\u00a0 @brainpurinergic<\/p><p>Instagram: https:\/\/www.instagram.com\/neuro_lab_bf\/<\/p><p>Account: 840-1814666-81<br \/>VAT: 100043776<\/p><\/div>\n\t\t\t<div class=\"qodef-m-button clear\">\n\t\t<a class=\"qodef-shortcode qodef-m  qodef-button qodef-layout--textual  qodef-html--link\" href=\"\" target=\"_self\"  >\t<span class=\"qodef-btn-text\"><\/span>    <span class=\"qodef-btn-arrow\"><svg class=\"qodef-svg--button-arrow\" xmlns=\"http:\/\/www.w3.org\/2000\/svg\" width=\"11.9\" height=\"11.9\" viewbox=\"0 0 11.9 11.9\"><g><path d=\"M0 .5h11.372v11.354\"\/><path stroke-width=\".75\" d=\"M11.3715.5.7587 11.1128\"\/><\/g><g><path d=\"M0 .5h11.372v11.354\"\/><path stroke-width=\".75\" d=\"M11.3715.5.7587 11.1128\"\/><\/g><\/svg><\/span><\/a>\t<\/div>\n\t<\/div>\n<\/div>\n\t\t\t\t<\/div>\n\t\t\t\t<\/div>\n\t\t\t\t\t<\/div>\n\t\t<\/div>\n\t\t\t\t<div class=\"elementor-column elementor-col-50 elementor-inner-column elementor-element elementor-element-7e61abd\" data-id=\"7e61abd\" data-element_type=\"column\" data-settings=\"{&quot;background_background&quot;:&quot;classic&quot;}\">\n\t\t\t<div class=\"elementor-widget-wrap elementor-element-populated\">\n\t\t\t\t\t\t<div class=\"elementor-element elementor-element-5634221 elementor-widget elementor-widget-heading\" data-id=\"5634221\" data-element_type=\"widget\" data-widget_type=\"heading.default\">\n\t\t\t\t<div class=\"elementor-widget-container\">\n\t\t\t\t\t<h3 class=\"elementor-heading-title elementor-size-default\">Send an inquiry<\/h3>\t\t\t\t<\/div>\n\t\t\t\t<\/div>\n\t\t\t\t<div class=\"elementor-element elementor-element-f42af08 elementor-widget elementor-widget-wp-widget-marity_core_contact_form_7\" data-id=\"f42af08\" data-element_type=\"widget\" data-widget_type=\"wp-widget-marity_core_contact_form_7.default\">\n\t\t\t\t<div class=\"elementor-widget-container\">\n\t\t\t\t\t\t\t\t<div class=\"qodef-contact-form-7\">\n\t\t\t\t\n<div class=\"wpcf7 no-js\" id=\"wpcf7-f2140-o1\" lang=\"en-US\" dir=\"ltr\" data-wpcf7-id=\"2140\">\n<div class=\"screen-reader-response\"><p role=\"status\" aria-live=\"polite\" aria-atomic=\"true\"><\/p> <ul><\/ul><\/div>\n<form action=\"\/en\/wp-json\/wp\/v2\/pages\/5292#wpcf7-f2140-o1\" method=\"post\" class=\"wpcf7-form init\" aria-label=\"Contact form\" novalidate=\"novalidate\" data-status=\"init\" data-trp-original-action=\"\/en\/wp-json\/wp\/v2\/pages\/5292#wpcf7-f2140-o1\">\n<div style=\"display: none;\">\n<input type=\"hidden\" name=\"_wpcf7\" value=\"2140\" \/>\n<input type=\"hidden\" name=\"_wpcf7_version\" value=\"6.0.5\" \/>\n<input type=\"hidden\" name=\"_wpcf7_locale\" value=\"en_US\" \/>\n<input type=\"hidden\" name=\"_wpcf7_unit_tag\" value=\"wpcf7-f2140-o1\" \/>\n<input type=\"hidden\" name=\"_wpcf7_container_post\" value=\"0\" \/>\n<input type=\"hidden\" name=\"_wpcf7_posted_data_hash\" value=\"\" \/>\n<\/div>\n<div class=\"qodef-classic-contact-form qodef-form-50-50\">\n\n<div class=\"qodef-contact-data\">\n\n <div class=\"qodef-name\">\n\n  <span class=\"wpcf7-form-control-wrap\" data-name=\"your-name\"><input size=\"40\" maxlength=\"400\" class=\"wpcf7-form-control wpcf7-text wpcf7-validates-as-required\" aria-required=\"true\" aria-invalid=\"false\" placeholder=\"Message\" value=\"\" type=\"text\" name=\"your-name\" \/><\/span>\n\n <\/div>\n\n <div class=\"qodef-mail\">\n\n  <span class=\"wpcf7-form-control-wrap\" data-name=\"your-email\"><input size=\"40\" maxlength=\"400\" class=\"wpcf7-form-control wpcf7-email wpcf7-validates-as-required wpcf7-text wpcf7-validates-as-email\" aria-required=\"true\" aria-invalid=\"false\" placeholder=\"Email address\" value=\"\" type=\"email\" name=\"your-email\" \/><\/span>\n\n <\/div>\n\n<\/div>\n\n<span class=\"wpcf7-form-control-wrap\" data-name=\"your-message\"><textarea cols=\"40\" rows=\"4\" maxlength=\"2000\" class=\"wpcf7-form-control wpcf7-textarea\" aria-invalid=\"false\" placeholder=\"Message\" name=\"your-message\"><\/textarea><\/span>\n\n \n\n<button class=\"wpcf7-form-control wpcf7-submit qodef-button qodef-size--normal qodef-layout--outlined qodef-m\" type=\"submit\"><span class=\"qodef-m-text\">Send<\/span><\/button>\n\n<\/div><div class=\"wpcf7-response-output\" aria-hidden=\"true\"><\/div>\n<input type=\"hidden\" name=\"trp-form-language\" value=\"en\"\/><\/form>\n<\/div>\n\t\t\t<\/div>\n\t\t\t\t\t\t\t<\/div>\n\t\t\t\t<\/div>\n\t\t\t\t\t<\/div>\n\t\t<\/div>\n\t\t\t\t\t<\/div>\n\t\t<\/section>\n\t\t\t\t\t<\/div>\n\t\t<\/div>\n\t\t\t\t\t<\/div>\n\t\t<\/section>\n\t\t\t\t<\/div>","protected":false},"excerpt":{"rendered":"<p>Centar za translacione neuronauke Biolo\u0161ki fakultet Univerzitet u Beogradu ; \u00a0 Studentski trg 3, 11158 Beograd, Srbija Telefon: +381648237989 Rukovodilac: dr Nade\u017eda Nedeljkovi\u0107 Zamenik rukovodioca: dr Milorad Dragi\u0107 www.ctneuron@rs mail-to: ctneuron@bio.bg.ac.rs\u00a0 X &#8211;\u00a0\u00a0 @brainpurinergic Instagram: https:\/\/www.instagram.com\/neuro_lab_bf\/ Ra\u010dun: 840-1814666-81PIB: 100043776 Po\u0161aljite upit<\/p>","protected":false},"author":2,"featured_media":0,"parent":0,"menu_order":0,"comment_status":"closed","ping_status":"closed","template":"elementor_theme","meta":{"footnotes":""},"class_list":["post-5292","page","type-page","status-publish","hentry"],"_links":{"self":[{"href":"https:\/\/ctneuron.rs\/en\/wp-json\/wp\/v2\/pages\/5292","targetHints":{"allow":["GET"]}}],"collection":[{"href":"https:\/\/ctneuron.rs\/en\/wp-json\/wp\/v2\/pages"}],"about":[{"href":"https:\/\/ctneuron.rs\/en\/wp-json\/wp\/v2\/types\/page"}],"author":[{"embeddable":true,"href":"https:\/\/ctneuron.rs\/en\/wp-json\/wp\/v2\/users\/2"}],"replies":[{"embeddable":true,"href":"https:\/\/ctneuron.rs\/en\/wp-json\/wp\/v2\/comments?post=5292"}],"version-history":[{"count":161,"href":"https:\/\/ctneuron.rs\/en\/wp-json\/wp\/v2\/pages\/5292\/revisions"}],"predecessor-version":[{"id":13669,"href":"https:\/\/ctneuron.rs\/en\/wp-json\/wp\/v2\/pages\/5292\/revisions\/13669"}],"wp:attachment":[{"href":"https:\/\/ctneuron.rs\/en\/wp-json\/wp\/v2\/media?parent=5292"}],"curies":[{"name":"wp","href":"https:\/\/api.w.org\/{rel}","templated":true}]}}