{"id":4512,"date":"2022-11-09T14:44:02","date_gmt":"2022-11-09T14:44:02","guid":{"rendered":"https:\/\/marity.qodeinteractive.com\/?page_id=4512"},"modified":"2025-03-28T08:03:20","modified_gmt":"2025-03-28T08:03:20","slug":"onama","status":"publish","type":"page","link":"https:\/\/ctneuron.rs\/en\/onama\/","title":{"rendered":"Center for Translational Neurosciences (CTN)"},"content":{"rendered":"<div data-elementor-type=\"wp-page\" data-elementor-id=\"4512\" class=\"elementor elementor-4512\">\n\t\t\t\t\t\t<section class=\"elementor-section elementor-top-section elementor-element elementor-element-02db4ef elementor-section-content-middle elementor-section-boxed elementor-section-height-default elementor-section-height-default\" data-id=\"02db4ef\" data-element_type=\"section\" data-settings=\"{&quot;background_background&quot;:&quot;classic&quot;}\">\n\t\t\t\t\t\t\t<div class=\"elementor-background-overlay\"><\/div>\n\t\t\t\t\t\t\t<div class=\"elementor-container elementor-column-gap-wide\">\n\t\t\t\t\t<div class=\"elementor-column elementor-col-50 elementor-top-column elementor-element elementor-element-580cfd7\" data-id=\"580cfd7\" data-element_type=\"column\">\n\t\t\t<div class=\"elementor-widget-wrap elementor-element-populated\">\n\t\t\t\t\t\t<div class=\"elementor-element elementor-element-71fe75d elementor-widget elementor-widget-text-editor\" data-id=\"71fe75d\" data-element_type=\"widget\" data-widget_type=\"text-editor.default\">\n\t\t\t\t<div class=\"elementor-widget-container\">\n\t\t\t\t\t\t\t\t\t<div class=\"elementor-element elementor-element-afa5333 elementor-widget elementor-widget-marity_core_section_title\" data-id=\"afa5333\" data-element_type=\"widget\" data-widget_type=\"marity_core_section_title.default\"><div class=\"elementor-widget-container\"><div class=\"qodef-shortcode qodef-m qodef-section-title qodef-show_supertitle--no qodef-alignment--left\"><h5 class=\"qodef-m-title\">The Center for Translational Neuroscience (CTN) was established at the Chair for General Physiology and Biophysics, Institute for Physiology and Biochemistry \"Ivan \u0110aja\" at the Faculty of Biology, University of Belgrade. The goals of CTN are scientific, professional, and educational activities in the field of translational research in neurobiology and biomedicine, which require a higher degree of independence and functional connection with other participants in this process.<\/h5><\/div><\/div><\/div><div class=\"elementor-element elementor-element-05a2536 elementor-widget elementor-widget-marity_core_section_title\" data-id=\"05a2536\" data-element_type=\"widget\" data-widget_type=\"marity_core_section_title.default\"><div class=\"elementor-widget-container\"><div class=\"qodef-shortcode qodef-m qodef-section-title qodef-show_supertitle--no qodef-alignment--left\"><h5 class=\"qodef-m-text\">According to the World Health Organization estimation, chronic neurodegenerative diseases will become the second leading cause of mortality by 2040 due to the lack of effective therapies and the impossibility of complete cure. To overcome the shortcomings of current therapeutic options, new therapeutic approaches are continuously being studied and developed, which include pharmacological and targeted molecular therapy, immunotherapy, gene therapy, and electromagnetic brain stimulation. Due to inadequate physicochemical properties (size, hydrophilicity, charge), many pharmacotherapeutics do not pass through the blood-brain barrier, resulting in a large number of them, which have shown high potential in the preclinical research phase, not advancing to the clinical phase. In addition to new effective therapeutics, there is a constant need for reliable molecular markers that would enable timely detection and diagnosis of diseases, as well as a need for carriers for targeted drug delivery.<\/h5><\/div><\/div><\/div>\t\t\t\t\t\t\t\t<\/div>\n\t\t\t\t<\/div>\n\t\t\t\t\t<\/div>\n\t\t<\/div>\n\t\t\t\t<div class=\"elementor-column elementor-col-50 elementor-top-column elementor-element elementor-element-07a9117\" data-id=\"07a9117\" data-element_type=\"column\" data-settings=\"{&quot;background_background&quot;:&quot;classic&quot;}\">\n\t\t\t<div class=\"elementor-widget-wrap elementor-element-populated\">\n\t\t\t\t\t\t<section class=\"elementor-section elementor-inner-section elementor-element elementor-element-a4704c8 elementor-section-content-bottom elementor-section-full_width elementor-section-height-default elementor-section-height-default\" data-id=\"a4704c8\" data-element_type=\"section\">\n\t\t\t\t\t\t<div class=\"elementor-container elementor-column-gap-default\">\n\t\t\t\t\t<div class=\"elementor-column elementor-col-100 elementor-inner-column elementor-element elementor-element-6f45c8d\" data-id=\"6f45c8d\" data-element_type=\"column\">\n\t\t\t<div class=\"elementor-widget-wrap\">\n\t\t\t\t\t\t\t<\/div>\n\t\t<\/div>\n\t\t\t\t\t<\/div>\n\t\t<\/section>\n\t\t\t\t\t<\/div>\n\t\t<\/div>\n\t\t\t\t\t<\/div>\n\t\t<\/section>\n\t\t\t\t<section class=\"elementor-section elementor-top-section elementor-element elementor-element-9e83edd elementor-section-content-middle elementor-reverse-tablet elementor-reverse-mobile elementor-section-boxed elementor-section-height-default elementor-section-height-default\" data-id=\"9e83edd\" data-element_type=\"section\" data-settings=\"{&quot;background_background&quot;:&quot;classic&quot;}\">\n\t\t\t\t\t\t<div class=\"elementor-container elementor-column-gap-default\">\n\t\t\t\t\t<div class=\"elementor-column elementor-col-50 elementor-top-column elementor-element elementor-element-691bd5f\" data-id=\"691bd5f\" data-element_type=\"column\" data-settings=\"{&quot;background_background&quot;:&quot;classic&quot;}\">\n\t\t\t<div class=\"elementor-widget-wrap elementor-element-populated\">\n\t\t\t\t<div class=\"elementor-element elementor-element-98d4331 e-grid e-con-boxed e-con e-parent\" data-id=\"98d4331\" data-element_type=\"container\">\n\t\t\t\t\t<div class=\"e-con-inner\">\n\t\t\t\t\t<\/div>\n\t\t\t\t<\/div>\n\t\t\t\t\t<\/div>\n\t\t<\/div>\n\t\t\t\t<div class=\"elementor-column elementor-col-50 elementor-top-column elementor-element elementor-element-ae3186f\" data-id=\"ae3186f\" data-element_type=\"column\">\n\t\t\t<div class=\"elementor-widget-wrap elementor-element-populated\">\n\t\t\t\t\t\t<div class=\"elementor-element elementor-element-c0668fa elementor-widget elementor-widget-marity_core_section_title\" data-id=\"c0668fa\" data-element_type=\"widget\" data-widget_type=\"marity_core_section_title.default\">\n\t\t\t\t<div class=\"elementor-widget-container\">\n\t\t\t\t\t<div class=\"qodef-shortcode qodef-m  qodef-section-title qodef-show_supertitle--no qodef-alignment--left\">\n    \t\t<h2 class=\"qodef-m-title\" >\n\t\t\t\t\t Scientific Excellence and Innovations in Neurosciences\t\t\t<\/h2>\n\t\t<p class=\"qodef-m-text\" style=\"margin-top: 40px\">Members of the CTN team have developed collaborations with domestic and foreign laboratories for assessing the effects and bioavailability of newly synthesized compounds. The results of these collaborations are two doctoral dissertations and about thirty scientific papers published in renowned scientific journals over the past five years. Cooperation with clinical institutions further contributes to the translation of basic research into clinical practice, enabling the testing of new therapeutic strategies and improving diagnostic methods.<\/p>\n    <\/div>\n\t\t\t\t<\/div>\n\t\t\t\t<\/div>\n\t\t\t\t<div class=\"elementor-element elementor-element-8f05f68 elementor-widget elementor-widget-marity_core_section_title\" data-id=\"8f05f68\" data-element_type=\"widget\" data-widget_type=\"marity_core_section_title.default\">\n\t\t\t\t<div class=\"elementor-widget-container\">\n\t\t\t\t\t<div class=\"qodef-shortcode qodef-m  qodef-section-title qodef-show_supertitle--no qodef-alignment--left\">\n    \t\t\t<p class=\"qodef-m-text\" style=\"margin-top: 40px\">The CTN team stands out for its innovative research strategy, continuous improvement of team members, and the introduction of modern methods and experimental techniques in neurosciences. In addition, CTN actively conducts research on several models of neurodegenerative diseases in search of a better understanding of pathophysiological mechanisms and potential therapeutic approaches.<\/p>\n    <\/div>\n\t\t\t\t<\/div>\n\t\t\t\t<\/div>\n\t\t\t\t<div class=\"elementor-element elementor-element-6fdc2df elementor-widget elementor-widget-marity_core_section_title\" data-id=\"6fdc2df\" data-element_type=\"widget\" data-widget_type=\"marity_core_section_title.default\">\n\t\t\t\t<div class=\"elementor-widget-container\">\n\t\t\t\t\t<div class=\"qodef-shortcode qodef-m  qodef-section-title qodef-show_supertitle--no qodef-alignment--left\">\n    \t\t\t<p class=\"qodef-m-text\" style=\"margin-top: 40px\">In the last five years, CTN has organized twelve methodological workshops aimed at students, doctoral candidates, and researchers, providing them with the opportunity to gain practical knowledge of modern techniques.<\/p>\n    <\/div>\n\t\t\t\t<\/div>\n\t\t\t\t<\/div>\n\t\t\t\t\t<\/div>\n\t\t<\/div>\n\t\t\t\t\t<\/div>\n\t\t<\/section>\n\t\t\t\t<div class=\"elementor-section elementor-top-section elementor-element elementor-element-5d89e6b elementor-section-content-top elementor-section-boxed elementor-section-height-default elementor-section-height-default\" data-id=\"5d89e6b\" data-element_type=\"section\">\n\t\t\t\t\t\t<div class=\"elementor-container elementor-column-gap-default\">\n\t\t\t\t\t<div class=\"elementor-column elementor-col-50 elementor-top-column elementor-element elementor-element-41938f2\" data-id=\"41938f2\" data-element_type=\"column\" data-settings=\"{&quot;background_background&quot;:&quot;classic&quot;}\">\n\t\t\t<div class=\"elementor-widget-wrap elementor-element-populated\">\n\t\t\t\t\t<div class=\"elementor-background-overlay\"><\/div>\n\t\t\t\t\t\t<div class=\"elementor-element elementor-element-89183d2 elementor-widget__width-auto elementor-widget elementor-widget-marity_core_section_title\" data-id=\"89183d2\" data-element_type=\"widget\" data-widget_type=\"marity_core_section_title.default\">\n\t\t\t\t<div class=\"elementor-widget-container\">\n\t\t\t\t\t<div class=\"qodef-shortcode qodef-m  qodef-section-title qodef-show_supertitle--no qodef-alignment--left\">\n    \t\t<h4 class=\"qodef-m-title\" >\n\t\t\t\t\tResearch in Neurosciences\t\t\t<\/h4>\n\t\t<p class=\"qodef-m-text\" style=\"margin-top: 14px\">The scientific goal of CTN is basic and translational research within ongoing projects of the Science Fund of the Republic of Serbia and other national and international funds, aimed at understanding the molecular basis of the action of new pharmacological and neuromodulatory approaches in the treatment of human neurological diseases, primarily Parkinson\u2019s disease, Multiple sclerosis, and Autism. These studies involve the application of modern molecular, biochemical, cellular, behavioral, and systemic approaches to research.<\/p>\n    <\/div>\n\t\t\t\t<\/div>\n\t\t\t\t<\/div>\n\t\t\t\t\t<\/div>\n\t\t<\/div>\n\t\t\t\t<div class=\"elementor-column elementor-col-50 elementor-top-column elementor-element elementor-element-2dda5b5\" data-id=\"2dda5b5\" data-element_type=\"column\" data-settings=\"{&quot;background_background&quot;:&quot;classic&quot;}\">\n\t\t\t<div class=\"elementor-widget-wrap elementor-element-populated\">\n\t\t\t\t\t<div class=\"elementor-background-overlay\"><\/div>\n\t\t\t\t\t\t<div class=\"elementor-element elementor-element-2af7ff9 elementor-widget__width-auto elementor-widget elementor-widget-marity_core_section_title\" data-id=\"2af7ff9\" data-element_type=\"widget\" data-widget_type=\"marity_core_section_title.default\">\n\t\t\t\t<div class=\"elementor-widget-container\">\n\t\t\t\t\t<div class=\"qodef-shortcode qodef-m  qodef-section-title qodef-show_supertitle--no qodef-alignment--left\">\n    \t\t<h4 class=\"qodef-m-title\" >\n\t\t\t\t\tNew therapeutics testing\t\t\t<\/h4>\n\t\t<p class=\"qodef-m-text\" style=\"margin-top: 14px\">The professional aspect of CTN\u2019s work is focused on the examination and assessment of the potential of new therapeutics and neuromodulators, as well as the study of the passage of natural and newly synthesized pharmacotherapeutics through the blood-brain barrier. Experimental work is based on the principles of good laboratory practice in the process of discovering new therapeutics and includes screening and validation of potential therapeutics through a battery of standardized primary and secondary in vitro tests, as well as pharmacological and toxicological evaluation of the efficacy of selected candidates in the preclinical phase of drug development.<\/p>\n    <\/div>\n\t\t\t\t<\/div>\n\t\t\t\t<\/div>\n\t\t\t\t\t<\/div>\n\t\t<\/div>\n\t\t\t\t\t<\/div>\n\t\t<\/div>\n\t\t\t\t<section class=\"elementor-section elementor-top-section elementor-element elementor-element-45c62f5 elementor-section-boxed elementor-section-height-default elementor-section-height-default\" data-id=\"45c62f5\" data-element_type=\"section\">\n\t\t\t\t\t\t<div class=\"elementor-container elementor-column-gap-default\">\n\t\t\t\t\t<div class=\"elementor-column elementor-col-100 elementor-top-column elementor-element elementor-element-29737f3\" data-id=\"29737f3\" data-element_type=\"column\">\n\t\t\t<div class=\"elementor-widget-wrap elementor-element-populated\">\n\t\t\t\t\t\t<div class=\"elementor-element elementor-element-06131ad elementor-widget elementor-widget-marity_core_video_button\" data-id=\"06131ad\" data-element_type=\"widget\" data-widget_type=\"marity_core_video_button.default\">\n\t\t\t\t<div class=\"elementor-widget-container\">\n\t\t\t\t\t<div class=\"qodef-shortcode qodef-m  qodef-video-button qodef--has-img  qodef-title-break--disabled\">\n\t\t<div class=\"qodef-m-image\">\n        <img fetchpriority=\"high\" decoding=\"async\" width=\"1593\" height=\"790\" src=\"https:\/\/ctneuron.rs\/wp-content\/uploads\/2025\/02\/Screenshot-2025-02-07-140621.jpg\" class=\"attachment-full size-full\" alt=\"\" style=\"min-height: 500px; object-fit: cover\" srcset=\"https:\/\/ctneuron.rs\/wp-content\/uploads\/2025\/02\/Screenshot-2025-02-07-140621.jpg 1593w, https:\/\/ctneuron.rs\/wp-content\/uploads\/2025\/02\/Screenshot-2025-02-07-140621-300x149.jpg 300w, https:\/\/ctneuron.rs\/wp-content\/uploads\/2025\/02\/Screenshot-2025-02-07-140621-1024x508.jpg 1024w, https:\/\/ctneuron.rs\/wp-content\/uploads\/2025\/02\/Screenshot-2025-02-07-140621-768x381.jpg 768w, https:\/\/ctneuron.rs\/wp-content\/uploads\/2025\/02\/Screenshot-2025-02-07-140621-1536x762.jpg 1536w, https:\/\/ctneuron.rs\/wp-content\/uploads\/2025\/02\/Screenshot-2025-02-07-140621-18x9.jpg 18w\" sizes=\"(max-width: 1593px) 100vw, 1593px\" \/>\t<\/div>\n\t\t<a itemprop=\"url\" class=\"qodef-m-play qodef-magnific-popup qodef-popup-item\" href=\"https:\/\/ctneuron.rs\/wp-content\/uploads\/2025\/01\/video-2e5f533e8030a9d047a573ae7645eaf1-V.mp4\" data-type=\"iframe\">\n        <span class=\"qodef-m-play-holder\">\n                            <span class=\"qodef-e-text\" > <\/span>\n                        <span class=\"qodef-play-btn-holder\">\n                <span class=\"qodef-m-play-inner\" >\n                    <svg class=\"qodef-svg--play\" xmlns=\"http:\/\/www.w3.org\/2000\/svg\" width=\"14\" height=\"15\" viewbox=\"0 0 14 15\"><path fill=\"currentColor\" d=\"M14 7.5 0 15V0l14 7.5z\"\/><\/svg>                <\/span>\n                                    <span class=\"qodef-m-play-text\" >Play video<\/span>\n                            <\/span>\n        <\/span>\n\t<\/a>\n<\/div>\n\t\t\t\t<\/div>\n\t\t\t\t<\/div>\n\t\t\t\t\t<\/div>\n\t\t<\/div>\n\t\t\t\t\t<\/div>\n\t\t<\/section>\n\t\t\t\t<section class=\"elementor-section elementor-top-section elementor-element elementor-element-7ad7d53 elementor-section-boxed elementor-section-height-default elementor-section-height-default\" data-id=\"7ad7d53\" data-element_type=\"section\">\n\t\t\t\t\t\t<div class=\"elementor-container elementor-column-gap-no\">\n\t\t\t\t\t<div class=\"elementor-column elementor-col-100 elementor-top-column elementor-element elementor-element-4614e82\" data-id=\"4614e82\" data-element_type=\"column\">\n\t\t\t<div class=\"elementor-widget-wrap elementor-element-populated\">\n\t\t\t\t\t\t<div class=\"elementor-element elementor-element-54a2ecd elementor-widget elementor-widget-marity_core_masonry_gallery_list\" data-id=\"54a2ecd\" data-element_type=\"widget\" data-widget_type=\"marity_core_masonry_gallery_list.default\">\n\t\t\t\t<div class=\"elementor-widget-container\">\n\t\t\t\t\t<div class=\"qodef-shortcode qodef-m  qodef-masonry-gallery-list qodef-grid qodef-layout--masonry qodef-items--fixed qodef-gutter--tiny qodef-col-num--4  qodef-responsive--custom qodef-col-num--1440--3 qodef-col-num--1366--3 qodef-col-num--1024--3 qodef-col-num--768--1 qodef-col-num--680--1 qodef-col-num--480--1\">\n\t<div class=\"qodef-grid-inner\">\n\t\t\t<div class=\"qodef-grid-masonry-sizer\"><\/div>\n<div class=\"qodef-e qodef-grid-item  qodef-item--portrait_small qodef-item-layout--simple\">\n\t<div class=\"qodef-e-inner\">\n\t\t\t<div class=\"qodef-e-media-image\">\n\t\t<img decoding=\"async\" width=\"650\" height=\"1200\" src=\"https:\/\/ctneuron.rs\/wp-content\/uploads\/2022\/11\/1734596813303-650x1200.jpg\" class=\"attachment-marity_core_image_size_portrait_small size-marity_core_image_size_portrait_small wp-post-image\" alt=\"\" \/>        <svg class=\"qodef-svg--blur-filter\" width=\"100\" height=\"100\" viewbox=\"0 0 100 100\"><filter id=\"qodef-svg--blur-filter-1\" x=\"-30%\" y=\"-30%\" width=\"160%\" height=\"150%\"><fegaussianblur in=\"SourceGraphic\" stddeviation=\"0\"><\/fegaussianblur><\/filter><\/svg>    <\/div>\n\t\t\t<a itemprop=\"url\" class=\"qodef-e-link\" href=\"#\" target=\"_self\"><\/a>\n\t<\/div>\n<\/div>\n<div class=\"qodef-e qodef-grid-item  qodef-item--rectangle qodef-item-layout--simple\">\n\t<div class=\"qodef-e-inner\">\n\t\t\t<div class=\"qodef-e-media-image\">\n\t\t<img decoding=\"async\" width=\"1000\" height=\"800\" src=\"https:\/\/ctneuron.rs\/wp-content\/uploads\/2022\/11\/IMG_20220329_134328-1000x800.jpg\" class=\"attachment-marity_core_image_size_rectangle size-marity_core_image_size_rectangle wp-post-image\" alt=\"\" \/>        <svg class=\"qodef-svg--blur-filter\" width=\"100\" height=\"100\" viewbox=\"0 0 100 100\"><filter id=\"qodef-svg--blur-filter-2\" x=\"-30%\" y=\"-30%\" width=\"160%\" height=\"150%\"><fegaussianblur in=\"SourceGraphic\" stddeviation=\"0\"><\/fegaussianblur><\/filter><\/svg>    <\/div>\n\t\t\t<a itemprop=\"url\" class=\"qodef-e-link\" href=\"#\" target=\"_self\"><\/a>\n\t<\/div>\n<\/div>\n<div class=\"qodef-e qodef-grid-item  qodef-item--portrait_small qodef-item-layout--simple\">\n\t<div class=\"qodef-e-inner\">\n\t\t\t<div class=\"qodef-e-media-image\">\n\t\t<img loading=\"lazy\" decoding=\"async\" width=\"650\" height=\"1300\" src=\"https:\/\/ctneuron.rs\/wp-content\/uploads\/2022\/11\/1734566982342-650x1300.jpg\" class=\"attachment-marity_core_image_size_portrait_small size-marity_core_image_size_portrait_small wp-post-image\" alt=\"\" \/>        <svg class=\"qodef-svg--blur-filter\" width=\"100\" height=\"100\" viewbox=\"0 0 100 100\"><filter id=\"qodef-svg--blur-filter-3\" x=\"-30%\" y=\"-30%\" width=\"160%\" height=\"150%\"><fegaussianblur in=\"SourceGraphic\" stddeviation=\"0\"><\/fegaussianblur><\/filter><\/svg>    <\/div>\n\t\t\t<a itemprop=\"url\" class=\"qodef-e-link\" href=\"#\" target=\"_self\"><\/a>\n\t<\/div>\n<\/div>\n<div class=\"qodef-e qodef-grid-item  qodef-item--rectangle qodef-item-layout--simple\">\n\t<div class=\"qodef-e-inner\">\n\t\t\t<div class=\"qodef-e-media-image\">\n\t\t<img loading=\"lazy\" decoding=\"async\" width=\"1000\" height=\"800\" src=\"https:\/\/ctneuron.rs\/wp-content\/uploads\/2022\/11\/1734566861603-1000x800.jpg\" class=\"attachment-marity_core_image_size_rectangle size-marity_core_image_size_rectangle wp-post-image\" alt=\"\" \/>        <svg class=\"qodef-svg--blur-filter\" width=\"100\" height=\"100\" viewbox=\"0 0 100 100\"><filter id=\"qodef-svg--blur-filter-4\" x=\"-30%\" y=\"-30%\" width=\"160%\" height=\"150%\"><fegaussianblur in=\"SourceGraphic\" stddeviation=\"0\"><\/fegaussianblur><\/filter><\/svg>    <\/div>\n\t\t\t<a itemprop=\"url\" class=\"qodef-e-link\" href=\"#\" target=\"_self\"><\/a>\n\t<\/div>\n<\/div>\n<div class=\"qodef-e qodef-grid-item  qodef-item--rectangle qodef-item-layout--simple\">\n\t<div class=\"qodef-e-inner\">\n\t\t\t<div class=\"qodef-e-media-image\">\n\t\t<img loading=\"lazy\" decoding=\"async\" width=\"1000\" height=\"800\" src=\"https:\/\/ctneuron.rs\/wp-content\/uploads\/2022\/11\/1734596813618-1000x800.jpg\" class=\"attachment-marity_core_image_size_rectangle size-marity_core_image_size_rectangle wp-post-image\" alt=\"\" \/>        <svg class=\"qodef-svg--blur-filter\" width=\"100\" height=\"100\" viewbox=\"0 0 100 100\"><filter id=\"qodef-svg--blur-filter-5\" x=\"-30%\" y=\"-30%\" width=\"160%\" height=\"150%\"><fegaussianblur in=\"SourceGraphic\" stddeviation=\"0\"><\/fegaussianblur><\/filter><\/svg>    <\/div>\n\t\t\t<a itemprop=\"url\" class=\"qodef-e-link\" href=\"#\" target=\"_self\"><\/a>\n\t<\/div>\n<\/div>\n\t<\/div>\n<\/div>\n\t\t\t\t<\/div>\n\t\t\t\t<\/div>\n\t\t\t\t\t<\/div>\n\t\t<\/div>\n\t\t\t\t\t<\/div>\n\t\t<\/section>\n\t\t<div class=\"elementor-element elementor-element-feb9a37 e-flex e-con-boxed e-con e-parent\" data-id=\"feb9a37\" data-element_type=\"container\">\n\t\t\t\t\t<div class=\"e-con-inner\">\n\t\t\t\t\t<\/div>\n\t\t\t\t<\/div>\n\t\t<div class=\"elementor-element elementor-element-2b33dcc e-flex e-con-boxed e-con e-parent\" data-id=\"2b33dcc\" data-element_type=\"container\">\n\t\t\t\t\t<div class=\"e-con-inner\">\n\t\t\t\t\t<\/div>\n\t\t\t\t<\/div>\n\t\t\t\t<\/div>","protected":false},"excerpt":{"rendered":"<p>Centar za translacione neuronauke (CTN) formiran je pri Katedri za op\u0161tu fiziologiju i biofiziku, Instituta za fiziologiju i biohemiju \u201eIvan \u0110aja\u201c Biolo\u0161kog fakulteta Univerziteta u Beogradu. Ciljevi CTN su nau\u010dne, stru\u010dne i obrazovne delatnosti u oblasti translacionih istra\u017eivanja u neurobiologiji i biomedicini, koji zahtevaju ve\u0107i stepen samostalnosti i funkcionalnog povezivanja sa drugim u\u010desnicima u ovom [&hellip;]<\/p>","protected":false},"author":1,"featured_media":0,"parent":0,"menu_order":0,"comment_status":"closed","ping_status":"closed","template":"page-full-width.php","meta":{"footnotes":""},"class_list":["post-4512","page","type-page","status-publish","hentry"],"_links":{"self":[{"href":"https:\/\/ctneuron.rs\/en\/wp-json\/wp\/v2\/pages\/4512","targetHints":{"allow":["GET"]}}],"collection":[{"href":"https:\/\/ctneuron.rs\/en\/wp-json\/wp\/v2\/pages"}],"about":[{"href":"https:\/\/ctneuron.rs\/en\/wp-json\/wp\/v2\/types\/page"}],"author":[{"embeddable":true,"href":"https:\/\/ctneuron.rs\/en\/wp-json\/wp\/v2\/users\/1"}],"replies":[{"embeddable":true,"href":"https:\/\/ctneuron.rs\/en\/wp-json\/wp\/v2\/comments?post=4512"}],"version-history":[{"count":559,"href":"https:\/\/ctneuron.rs\/en\/wp-json\/wp\/v2\/pages\/4512\/revisions"}],"predecessor-version":[{"id":13285,"href":"https:\/\/ctneuron.rs\/en\/wp-json\/wp\/v2\/pages\/4512\/revisions\/13285"}],"wp:attachment":[{"href":"https:\/\/ctneuron.rs\/en\/wp-json\/wp\/v2\/media?parent=4512"}],"curies":[{"name":"wp","href":"https:\/\/api.w.org\/{rel}","templated":true}]}}