{"id":4380,"date":"2022-11-09T08:57:13","date_gmt":"2022-11-09T08:57:13","guid":{"rendered":"https:\/\/marity.qodeinteractive.com\/?page_id=4380"},"modified":"2025-02-27T12:35:01","modified_gmt":"2025-02-27T12:35:01","slug":"publikacije","status":"publish","type":"page","link":"https:\/\/ctneuron.rs\/en\/publikacije\/","title":{"rendered":"PUBLICATIONS"},"content":{"rendered":"<div data-elementor-type=\"wp-page\" data-elementor-id=\"4380\" class=\"elementor elementor-4380\">\n\t\t\t\t<div class=\"elementor-element elementor-element-6d774e0 e-flex e-con-boxed e-con e-parent\" data-id=\"6d774e0\" data-element_type=\"container\">\n\t\t\t\t\t<div class=\"e-con-inner\">\n\t\t\t\t<div class=\"elementor-element elementor-element-2e632bd elementor-widget elementor-widget-text-editor\" data-id=\"2e632bd\" data-element_type=\"widget\" data-widget_type=\"text-editor.default\">\n\t\t\t\t<div class=\"elementor-widget-container\">\n\t\t\t\t\t\t\t\t\t<ul>\n \t<li style=\"padding-top: 10px;\">Jovanovic MZ, Stanojevic J, Stevanovic I, Ninkovic M, Ilic TV, Nedeljkovic N, Dragic M. Prolonged intermittent theta burst stimulation restores the balance between A2AR- and A1R-mediated adenosine signaling in the 6-hydroxidopamine model of Parkinson&#8217;s disease. Neural Regen Res. 2025 Jul 1;20(7):2053-2067. DOI:\u00a0<a href=\"https:\/\/doi.org\/10.4103\/nrr.nrr-d-23-01542\">10.4103\/NRR.NRR-D-23-01542<\/a><\/li>\n \t<li style=\"padding-top: 10px;\">Adzic Bukvic M, Laketa D, Dragic M, Lavrnja I, Nedeljkovic N. Expression of functionally distinct ecto-5&#8242;-nucleotidase\/CD73 glycovariants in reactive astrocytes in experimental autoimmune encephalomyelitis and neuroinflammatory conditions in vitro. Glia. 2024 Jan;72(1):19-33. DOI:\u00a0<a href=\"https:\/\/doi.org\/10.1002\/glia.24459\">10.1002\/glia.24459<\/a><\/li>\n \t<li style=\"padding-top: 10px;\">Stekic A, Dragic M, Stanojevic J, Zaric Kontic M, Stevanovic I, Zeljkovic Jovanovic M, Mihajlovic K, Nedeljkovic N. Impaired olfactory performance and anxiety-like behavior in a rat model of multiple sclerosis are associated with enhanced adenosine signaling in the olfactory bulb via A1R, A2BR, and A3R. Front Cell Neurosci. 2024 Jul 30;18:1407975. DOI:\u00a0<a href=\"https:\/\/doi.org\/10.3389\/fncel.2024.1407975\">10.3389\/fncel.2024.1407975<\/a><\/li>\n \t<li style=\"padding-top: 10px;\">Zeljkovic Jovanovic M, Stanojevic J, Stevanovic I, Ninkovic M, Nedeljkovic N, Dragic M *. Sustained Systemic Antioxidative Effects of Intermittent Theta Burst Stimulation beyond Neurodegeneration: Implications in Therapy in 6-Hydroxydopamine Model of Parkinson&#8217;s Disease. Antioxidants (Basel). 2024 Feb 8;13(2):218. DOI:\u00a0<a href=\"https:\/\/doi.org\/10.3390\/antiox13020218\">10.3390\/antiox13020218<\/a><\/li>\n \t<li style=\"padding-top: 10px;\">Stekic A, Stevic D, Dokmanovic T, Anastasov M, Popovic D, Stanojevic J, Jovanovic MZ, Stevanovic I, Nedeljkovic N, Dragic M*. Intrinsic ecto-5&#8242;-Nucleotidase\/A1R Coupling may Confer Neuroprotection to the Cerebellum in Experimental Autoimmune Encephalomyelitis. Mol\u0435cular Neurobiology 2024 Apr 15. DOI:\u00a0<a href=\"https:\/\/doi.org\/10.1007\/s12035-024-04174-9\">10.1007\/s12035-024-04174-9<\/a><\/li>\n \t<li style=\"padding-top: 10px;\">Zeljkovic Jovanovic M, Stanojevic J, Stevanovic I, Stekic A, Bolland SJ, Jasnic N, Ninkovic M, Zaric Kontic M, Ilic TV, Rodger J, Nedeljkovic N, Dragic M*. Intermittent Theta Burst Stimulation Improves Motor and Behavioral Dysfunction through Modulation of NMDA Receptor Subunit Composition in Experimental Model of Parkinson&#8217;s Disease. Cells. 2023 Jun 1;12(11):1525. DOI:\u00a0<a href=\"https:\/\/doi.org\/10.3390\/cells12111525\">10.3390\/cells12111525<\/a><\/li>\n \t<li style=\"padding-top: 10px;\">Mihajlovic K, Bukvic MA, Dragic M, Scortichini M, Jacobson KA, Nedeljkovic N. Anti-inflammatory potency of novel ecto-5&#8242;-nucleotidase\/CD73 inhibitors in astrocyte culture model of neuroinflammation. Eur J Pharmacol. 2023 Oct 5;956:175943. DOI:\u00a0<a href=\"https:\/\/doi.org\/10.1016\/j.ejphar.2023.175943\">10.1016\/j.ejphar.2023.175943<\/a><\/li>\n \t<li style=\"padding-top: 10px;\">Dragic M, Mihajlovic K, Adzic M, Jakovljevic M, Kontic MZ, Mitrovi\u0107 N, Laketa D, Lavrnja I, Kipp M, Grkovi\u0107 I, Nedeljkovic N. Expression of Ectonucleoside Triphosphate Diphosphohydrolase 2 (NTPDase2) Is Negatively Regulated Under Neuroinflammatory Conditions In Vivo and In Vitro. ASN Neuro. 2022 Jan-Dec;14:17590914221102068. DOI:\u00a0<a href=\"https:\/\/doi.org\/10.1177\/17590914221102068\">10.1177\/17590914221102068<\/a><\/li>\n \t<li style=\"padding-top: 10px;\">Stekic A, Zeljkovic M, Zaric Kontic M, Mihajlovic K, Adzic M, Stevanovic I, Ninkovic M, Grkovic I, Ilic TV, Nedeljkovic N, Dragic M*. Intermittent Theta Burst Stimulation Ameliorates Cognitive Deficit and Attenuates Neuroinflammation via PI3K\/Akt\/mTOR Signaling Pathway in Alzheimer&#8217;s-Like Disease Model. Front Aging Neurosci. 2022 May 17;14:889983. DOI:\u00a0<a href=\"https:\/\/doi.org\/10.3389\/fnagi.2022.889983\">10.3389\/fnagi.2022.889983<\/a><\/li>\n \t<li style=\"padding-top: 10px;\">Dragi\u0107 M, Mitrovi\u0107 N, Ad\u017ei\u0107 M, Nedeljkovi\u0107 N, Grkovi\u0107 I. Microglial- and Astrocyte-Specific Expression of Purinergic Signaling Components and Inflammatory Mediators in the Rat Hippocampus During Trimethyltin-Induced Neurodegeneration. ASN Neuro. 2021 Jan-Dec;13:17590914211044882. DOI:\u00a0<a href=\"https:\/\/doi.org\/10.1177\/17590914211044882\">10.1177\/17590914211044882<\/a><\/li>\n \t<li style=\"padding-top: 10px;\">Dragi\u0107 M*, Mili\u0107evi\u0107 K, Ad\u017ei\u0107 M, Stevanovi\u0107 I, Ninkovi\u0107 M, Grkovi\u0107 I, Andjus P, Nedeljkovi\u0107 N. Trimethyltin Increases Intracellular Ca<sup>2+<\/sup> Via L-Type Voltage-Gated Calcium Channels and Promotes Inflammatory Phenotype in Rat Astrocytes In Vitro. Mol Neurobiol. 2021 Apr;58(4):1792-1805. DOI:\u00a0<a href=\"https:\/\/doi.org\/10.1007\/s12035-020-02273-x\">10.1007\/s12035-020-02273-x<\/a><\/li>\n \t<li style=\"padding-top: 10px;\">Dragic M, Stekic A, Zeljkovic M, Zaric Kontic M, Mihajlovic K, Adzic M, Grkovic I, Nedeljkovic N. Altered Topographic Distribution and Enhanced Neuronal Expression of Adenosine-Metabolizing Enzymes in Rat Hippocampus and Cortex from Early to late Adulthood. Neurochem Res. 2022 Jun;47(6):1637-1650. DOI:\u00a0<a href=\"https:\/\/doi.org\/10.1007\/s11064-022-03557-5\">10.1007\/s11064-022-03557-5<\/a><\/li>\n \n  \n \t<li style=\"padding-top: 10px;\">Dragi\u0107 M*, Zeljkovi\u0107 M, Stevanovi\u0107 I, Ad\u017ei\u0107 M, Steki\u0107 A, Mihajlovi\u0107 K, Grkovi\u0107 I, Ili\u0107 N, Ili\u0107 TV, Nedeljkovi\u0107 N, Ninkovi\u0107 M. Downregulation of CD73\/A2AR-Mediated Adenosine Signaling as a Potential Mechanism of Neuroprotective Effects of Theta-Burst Transcranial Magnetic Stimulation in Acute Experimental Autoimmune Encephalomyelitis. Brain Sci. 2021 Jun 1;11(6):736. DOI:\u00a0<a href=\"https:\/\/doi.org\/10.3390\/brainsci11060736\">10.3390\/brainsci11060736<\/a><\/li>\n \t<li style=\"padding-top: 10px;\">Dragic M, Zeljkovic M, Stevanovic I, Ilic T, Ilic N, Nedeljkovic N, Ninkovic M (2020) Theta burst stimulation ameliorates symptoms of experimental autoimmune encephalomyelitis and attenuates reactive gliosis. Brain Research Bulletin DOI:\u00a0<a href=\"https:\/\/doi.org\/10.1016\/j.brainresbull.2020.06.013\">10.1016\/j.brainresbull.2020.06.013<\/a><\/li>\n \t<li style=\"padding-top: 10px;\">Dragic M, Zaric M, Mitrovic N, Nedeljkovic N, Grkovic I (2019) Application of Gray Level Co-Occurrence Matrix Analysis as a New Method for Enzyme Histochemistry Quantification. Microscopy and microanalysis 25:690-698. DOI:\u00a0<a href=\"https:\/\/doi.org\/10.1017\/s1431927618016306\">10.1017\/S1431927618016306<\/a><\/li>\n \n \t<li style=\"padding-top: 10px;\">Dragic M, Zaric M, Mitrovic N, Nedeljkovic N, Grkovic I (2019) Two distinct hippocampal astrocyte reveal subfield-different fate during neurodegeneration induced by trimethyltin intoxication. Neuroscience 423:38-54. DOI:\u00a0<a href=\"https:\/\/doi.org\/10.1016\/j.neuroscience.2019.10.022\">10.1016\/j.neuroscience.2019.10.022<\/a><\/li>\n \t<li style=\"padding-top: 10px;\">Nedeljkovic N. Complex regulation of ecto-5&#8242;-nucleotidase\/CD73 and A2AR-mediated adenosine signaling at neurovascular unit: A link between acute and chronic neuroinflammation. Pharmacol Res. 2019 Jun;144:99-115. DOI:\u00a0<a href=\"https:\/\/doi.org\/10.1016\/j.phrs.2019.04.007\">10.1016\/j.phrs.2019.04.007<\/a><\/li>\n<\/ul>\t\t\t\t\t\t\t\t<\/div>\n\t\t\t\t<\/div>\n\t\t\t\t\t<\/div>\n\t\t\t\t<\/div>\n\t\t\t\t<\/div>","protected":false},"excerpt":{"rendered":"<p>Jovanovic MZ, Stanojevic J, Stevanovic I, Ninkovic M, Ilic TV, Nedeljkovic N, Dragic M. Prolonged intermittent theta burst stimulation restores the balance between A2AR- and A1R-mediated adenosine signaling in the 6-hydroxidopamine model of Parkinson&#8217;s disease. Neural Regen Res. 2025 Jul 1;20(7):2053-2067. DOI:\u00a010.4103\/NRR.NRR-D-23-01542 Adzic Bukvic M, Laketa D, Dragic M, Lavrnja I, Nedeljkovic N. Expression of [&hellip;]<\/p>","protected":false},"author":1,"featured_media":0,"parent":0,"menu_order":0,"comment_status":"closed","ping_status":"closed","template":"page-full-width.php","meta":{"footnotes":""},"class_list":["post-4380","page","type-page","status-publish","hentry"],"_links":{"self":[{"href":"https:\/\/ctneuron.rs\/en\/wp-json\/wp\/v2\/pages\/4380","targetHints":{"allow":["GET"]}}],"collection":[{"href":"https:\/\/ctneuron.rs\/en\/wp-json\/wp\/v2\/pages"}],"about":[{"href":"https:\/\/ctneuron.rs\/en\/wp-json\/wp\/v2\/types\/page"}],"author":[{"embeddable":true,"href":"https:\/\/ctneuron.rs\/en\/wp-json\/wp\/v2\/users\/1"}],"replies":[{"embeddable":true,"href":"https:\/\/ctneuron.rs\/en\/wp-json\/wp\/v2\/comments?post=4380"}],"version-history":[{"count":23,"href":"https:\/\/ctneuron.rs\/en\/wp-json\/wp\/v2\/pages\/4380\/revisions"}],"predecessor-version":[{"id":11172,"href":"https:\/\/ctneuron.rs\/en\/wp-json\/wp\/v2\/pages\/4380\/revisions\/11172"}],"wp:attachment":[{"href":"https:\/\/ctneuron.rs\/en\/wp-json\/wp\/v2\/media?parent=4380"}],"curies":[{"name":"wp","href":"https:\/\/api.w.org\/{rel}","templated":true}]}}