{"id":4339,"date":"2022-11-08T16:15:45","date_gmt":"2022-11-08T16:15:45","guid":{"rendered":"https:\/\/marity.qodeinteractive.com\/?page_id=4339"},"modified":"2026-04-03T15:09:25","modified_gmt":"2026-04-03T15:09:25","slug":"novosti","status":"publish","type":"page","link":"https:\/\/ctneuron.rs\/en\/novosti\/","title":{"rendered":"News"},"content":{"rendered":"<p><img fetchpriority=\"high\" decoding=\"async\" width=\"1024\" height=\"576\" src=\"https:\/\/ctneuron.rs\/wp-content\/uploads\/2026\/04\/Za-sajt-Workshop26-2-1024x576.png\" alt=\"\" srcset=\"https:\/\/ctneuron.rs\/wp-content\/uploads\/2026\/04\/Za-sajt-Workshop26-2-1024x576.png 1024w, https:\/\/ctneuron.rs\/wp-content\/uploads\/2026\/04\/Za-sajt-Workshop26-2-300x169.png 300w, https:\/\/ctneuron.rs\/wp-content\/uploads\/2026\/04\/Za-sajt-Workshop26-2-768x432.png 768w, https:\/\/ctneuron.rs\/wp-content\/uploads\/2026\/04\/Za-sajt-Workshop26-2-1536x864.png 1536w, https:\/\/ctneuron.rs\/wp-content\/uploads\/2026\/04\/Za-sajt-Workshop26-2-18x10.png 18w, https:\/\/ctneuron.rs\/wp-content\/uploads\/2026\/04\/Za-sajt-Workshop26-2.png 1600w\" sizes=\"(max-width: 1024px) 100vw, 1024px\" \/>\t\t\t\t\t\t\t\t\t\t\t\t\t\t\t<\/p>\n<p>Explore new ideas and connect with others at our upcoming workshop!&nbsp;<\/p>\n<p>Featuring inspiring talks and hands-on sessions, this event offers a unique opportunity to exchange ideas and engage with cutting-edge research in neuroplasticity.&nbsp;<\/p>\n<p>We especially welcome neuroscience students and researchers to join the conversation. Stay tuned for more details!<\/p>\n<h6>\n                    News                <\/h6>\n<h2>\n                        Novosti i Objave                    <\/h2>\n<article>\n        <svg width=\"100\" height=\"100\" viewbox=\"0 0 100 100\"><filter id=\"qodef-svg--blur-filter-1\" x=\"-30%\" y=\"-30%\" width=\"160%\" height=\"150%\"><fegaussianblur in=\"SourceGraphic\" stddeviation=\"0\"><\/fegaussianblur><\/filter><\/svg>\t\t<a itemprop=\"url\" href=\"https:\/\/ctneuron.rs\/en\/clanovi-ctn-organizuju-letnju-skolu-internacionalnog-karaktera-uz-finansijsku-podrsku-ibro-organizacije-beogradu\/\"><br \/>\n\t\t\t<img width=\"2560\" height=\"854\" src=\"https:\/\/ctneuron.rs\/wp-content\/uploads\/2025\/03\/slika-IBROskola-scaled.jpg\" alt=\"\" decoding=\"async\" srcset=\"https:\/\/ctneuron.rs\/wp-content\/uploads\/2025\/03\/slika-IBROskola-scaled.jpg 2560w, https:\/\/ctneuron.rs\/wp-content\/uploads\/2025\/03\/slika-IBROskola-300x100.jpg 300w, https:\/\/ctneuron.rs\/wp-content\/uploads\/2025\/03\/slika-IBROskola-1024x342.jpg 1024w, https:\/\/ctneuron.rs\/wp-content\/uploads\/2025\/03\/slika-IBROskola-768x256.jpg 768w, https:\/\/ctneuron.rs\/wp-content\/uploads\/2025\/03\/slika-IBROskola-1536x513.jpg 1536w, https:\/\/ctneuron.rs\/wp-content\/uploads\/2025\/03\/slika-IBROskola-2048x683.jpg 2048w, https:\/\/ctneuron.rs\/wp-content\/uploads\/2025\/03\/slika-IBROskola-18x6.jpg 18w\" sizes=\"(max-width: 2560px) 100vw, 2560px\" \/>\t\t<\/a><\/p>\n<h5 itemprop=\"name\" style=\"text-transform: none\">\n\t<a itemprop=\"url\" href=\"https:\/\/ctneuron.rs\/en\/clanovi-ctn-organizuju-letnju-skolu-internacionalnog-karaktera-uz-finansijsku-podrsku-ibro-organizacije-beogradu\/\"><br \/>\n\t\t\u010clanovi CTN organizuju letnju \u0161kolu internacionalnog karaktera uz finansijsku podr\u0161ku IBRO organizacije pod nazivom \u201eIlluminating Neurobiology: Fluorescent Techniques in Neuron and Glia 2D Cultures\u201c koja je planirana da se odr\u017ei 1-7. Juna 2025. godine na Biolo\u0161kom fakultetu, Univerziteta u Beogradu\t<\/a><br \/>\n<\/h5>\n<p>\t\t\t\t\t<a itemprop=\"dateCreated\" href=\"https:\/\/ctneuron.rs\/en\/2025\/03\/\"><br \/>\n\tMarch 18, 2025<\/a><br \/>\n<\/article>\n<article>\n        <svg width=\"100\" height=\"100\" viewbox=\"0 0 100 100\"><filter id=\"qodef-svg--blur-filter-2\" x=\"-30%\" y=\"-30%\" width=\"160%\" height=\"150%\"><fegaussianblur in=\"SourceGraphic\" stddeviation=\"0\"><\/fegaussianblur><\/filter><\/svg>\t\t<a itemprop=\"url\" href=\"https:\/\/ctneuron.rs\/en\/saradnice-ctn-teodora-martic-i-danica-popovic-su-izabrane-u-zvanje-istrazivac-pripravik-na-bioloskom-fakultetu-univeryiteta-u-beogradu\/\"><br \/>\n\t\t\t<img width=\"1047\" height=\"872\" src=\"https:\/\/ctneuron.rs\/wp-content\/uploads\/2025\/03\/Slika-Danica1.jpg\" alt=\"\" decoding=\"async\" srcset=\"https:\/\/ctneuron.rs\/wp-content\/uploads\/2025\/03\/Slika-Danica1.jpg 1047w, https:\/\/ctneuron.rs\/wp-content\/uploads\/2025\/03\/Slika-Danica1-300x250.jpg 300w, https:\/\/ctneuron.rs\/wp-content\/uploads\/2025\/03\/Slika-Danica1-1024x853.jpg 1024w, https:\/\/ctneuron.rs\/wp-content\/uploads\/2025\/03\/Slika-Danica1-768x640.jpg 768w, https:\/\/ctneuron.rs\/wp-content\/uploads\/2025\/03\/Slika-Danica1-14x12.jpg 14w\" sizes=\"(max-width: 1047px) 100vw, 1047px\" \/>\t\t<\/a><\/p>\n<h5 itemprop=\"name\" style=\"text-transform: none\">\n\t<a itemprop=\"url\" href=\"https:\/\/ctneuron.rs\/en\/saradnice-ctn-teodora-martic-i-danica-popovic-su-izabrane-u-zvanje-istrazivac-pripravik-na-bioloskom-fakultetu-univeryiteta-u-beogradu\/\"><br \/>\n\t\tSaradnice CTN Teodora Marti\u0107 i Danica Popovi\u0107 su izabrane u zvanje Istra\u017eiva\u010d pripravik na Biolo\u0161kom fakultetu, Univeryiteta u Beogradu\t<\/a><br \/>\n<\/h5>\n<p>\t\t\t\t\t<a itemprop=\"dateCreated\" href=\"https:\/\/ctneuron.rs\/en\/2025\/03\/\"><br \/>\n\tMarch 18, 2025<\/a><br \/>\n<\/article>\n<article>\n        <svg width=\"100\" height=\"100\" viewbox=\"0 0 100 100\"><filter id=\"qodef-svg--blur-filter-3\" x=\"-30%\" y=\"-30%\" width=\"160%\" height=\"150%\"><fegaussianblur in=\"SourceGraphic\" stddeviation=\"0\"><\/fegaussianblur><\/filter><\/svg>\t\t<a itemprop=\"url\" href=\"https:\/\/ctneuron.rs\/en\/saradnice-ctn-dr-milica-zeljkovic-jovanovic-i-danica-popovicdobitnice-su-nagrade-dr-ivan-djaja\/\"><br \/>\n\t\t\t<img loading=\"lazy\" width=\"2560\" height=\"1920\" src=\"https:\/\/ctneuron.rs\/wp-content\/uploads\/2025\/02\/Saradnice-CTN-dr-Milica-Zeljkovic-Jovanovic-i-Danica-Popovic-scaled.jpg\" alt=\"\" decoding=\"async\" srcset=\"https:\/\/ctneuron.rs\/wp-content\/uploads\/2025\/02\/Saradnice-CTN-dr-Milica-Zeljkovic-Jovanovic-i-Danica-Popovic-scaled.jpg 2560w, https:\/\/ctneuron.rs\/wp-content\/uploads\/2025\/02\/Saradnice-CTN-dr-Milica-Zeljkovic-Jovanovic-i-Danica-Popovic-300x225.jpg 300w, https:\/\/ctneuron.rs\/wp-content\/uploads\/2025\/02\/Saradnice-CTN-dr-Milica-Zeljkovic-Jovanovic-i-Danica-Popovic-1024x768.jpg 1024w, https:\/\/ctneuron.rs\/wp-content\/uploads\/2025\/02\/Saradnice-CTN-dr-Milica-Zeljkovic-Jovanovic-i-Danica-Popovic-768x576.jpg 768w, https:\/\/ctneuron.rs\/wp-content\/uploads\/2025\/02\/Saradnice-CTN-dr-Milica-Zeljkovic-Jovanovic-i-Danica-Popovic-1536x1152.jpg 1536w, https:\/\/ctneuron.rs\/wp-content\/uploads\/2025\/02\/Saradnice-CTN-dr-Milica-Zeljkovic-Jovanovic-i-Danica-Popovic-2048x1536.jpg 2048w, https:\/\/ctneuron.rs\/wp-content\/uploads\/2025\/02\/Saradnice-CTN-dr-Milica-Zeljkovic-Jovanovic-i-Danica-Popovic-16x12.jpg 16w\" sizes=\"(max-width: 2560px) 100vw, 2560px\" \/>\t\t<\/a><\/p>\n<h5 itemprop=\"name\" style=\"text-transform: none\">\n\t<a itemprop=\"url\" href=\"https:\/\/ctneuron.rs\/en\/saradnice-ctn-dr-milica-zeljkovic-jovanovic-i-danica-popovicdobitnice-su-nagrade-dr-ivan-djaja\/\"><br \/>\n\t\tSaradnice CTN dr Milica Zeljkovi\u0107 Jovanovi\u0107 i Danica Popovi\u0107,dobitnice\u00a0su Nagrade &#8220;Dr Ivan \u0110aja&#8221;\u00a0\t<\/a><br \/>\n<\/h5>\n<p>\t\t\t\t\t<a itemprop=\"dateCreated\" href=\"https:\/\/ctneuron.rs\/en\/2025\/02\/\"><br \/>\n\tFebruary 10, 2025<\/a><br \/>\n<\/article>","protected":false},"excerpt":{"rendered":"<p>Explore new ideas and connect with others at our upcoming workshop!&nbsp; Featuring inspiring talks and hands-on sessions, this event offers a unique opportunity to exchange ideas and engage with cutting-edge research in neuroplasticity.&nbsp; We especially welcome neuroscience students and researchers to join the conversation. Stay tuned for more details! Novosti Novosti i Objave \u010clanovi CTN [&hellip;]<\/p>","protected":false},"author":1,"featured_media":0,"parent":0,"menu_order":0,"comment_status":"closed","ping_status":"closed","template":"elementor_theme","meta":{"footnotes":""},"class_list":["post-4339","page","type-page","status-publish","hentry"],"_links":{"self":[{"href":"https:\/\/ctneuron.rs\/en\/wp-json\/wp\/v2\/pages\/4339","targetHints":{"allow":["GET"]}}],"collection":[{"href":"https:\/\/ctneuron.rs\/en\/wp-json\/wp\/v2\/pages"}],"about":[{"href":"https:\/\/ctneuron.rs\/en\/wp-json\/wp\/v2\/types\/page"}],"author":[{"embeddable":true,"href":"https:\/\/ctneuron.rs\/en\/wp-json\/wp\/v2\/users\/1"}],"replies":[{"embeddable":true,"href":"https:\/\/ctneuron.rs\/en\/wp-json\/wp\/v2\/comments?post=4339"}],"version-history":[{"count":35,"href":"https:\/\/ctneuron.rs\/en\/wp-json\/wp\/v2\/pages\/4339\/revisions"}],"predecessor-version":[{"id":13692,"href":"https:\/\/ctneuron.rs\/en\/wp-json\/wp\/v2\/pages\/4339\/revisions\/13692"}],"wp:attachment":[{"href":"https:\/\/ctneuron.rs\/en\/wp-json\/wp\/v2\/media?parent=4339"}],"curies":[{"name":"wp","href":"https:\/\/api.w.org\/{rel}","templated":true}]}}