{"id":13681,"date":"2025-04-03T08:04:14","date_gmt":"2025-04-03T08:04:14","guid":{"rendered":"https:\/\/ctneuron.rs\/?page_id=13681"},"modified":"2025-04-03T08:05:16","modified_gmt":"2025-04-03T08:05:16","slug":"obavestenje-o-kolacicima","status":"publish","type":"page","link":"https:\/\/ctneuron.rs\/en\/obavestenje-o-kolacicima\/","title":{"rendered":"Obave\u0161tenje o kola\u010di\u0107ima"},"content":{"rendered":"<p>Ovaj sajt koristi kola\u010di\u0107e (cookies) radi unapre\u0111enja korisni\u010dkog iskustva i funkcionalnosti sajta. Kola\u010di\u0107i su male tekstualne datoteke koje se sme\u0161taju na Va\u0161 ure\u0111aj prilikom posete sajtu, omogu\u0107avaju\u0107i nam da prepoznamo Va\u0161e postavke i pobolj\u0161amo korisni\u010dko iskustvo.<\/p>\n\n\n\n<h3 class=\"wp-block-heading\">Vrste kola\u010di\u0107a koje koristimo:<\/h3>\n\n\n\n<p><strong>Neophodni kola\u010di\u0107i:<\/strong> Ovi kola\u010di\u0107i su esencijalni za pravilno funkcionisanje sajta i omogu\u0107avaju Vam da koristite osnovne funkcije, poput navigacije po stranici. Bez ovih kola\u010di\u0107a, sajt ne mo\u017ee ispravno funkcionisati.<\/p>\n\n\n\n<p><strong>Analiti\u010dki kola\u010di\u0107i:<\/strong> Ovi kola\u010di\u0107i nam omogu\u0107avaju da analiziramo kori\u0161\u0107enje sajta i bolje razumemo potrebe na\u0161ih posetilaca. Informacije koje se prikupljaju su anonimne i koriste se isklju\u010divo za pobolj\u0161anje sadr\u017eaja i funkcionalnosti sajta.<\/p>\n\n\n\n<p><strong>Kola\u010di\u0107i za personalizaciju:<\/strong> Ovi kola\u010di\u0107i omogu\u0107avaju sajtu da zapamti Va\u0161e prethodne izbore (poput jezika ili regiona) kako bi pru\u017eio personalizovano iskustvo.<\/p>\n\n\n\n<h3 class=\"wp-block-heading\">Upravljanje kola\u010di\u0107ima:<\/h3>\n\n\n\n<p>Imate mogu\u0107nost da prihvatite ili odbijete kola\u010di\u0107e. Ve\u0107ina internet pregleda\u010da automatski prihvata kola\u010di\u0107e, ali mo\u017eete promeniti postavke Va\u0161eg pregleda\u010da kako biste odbili kola\u010di\u0107e, ukoliko to \u017eelite. Imajte na umu da blokiranjem kola\u010di\u0107a mo\u017eete ograni\u010diti funkcionalnost sajta.<\/p>\n\n\n\n<p>Za vi\u0161e informacija o na\u0161oj politici privatnosti i kola\u010di\u0107ima, molimo Vas da posetite stranicu <strong>Politika privatnosti<\/strong>.<\/p>\n\n\n\n<p><em>Nastavkom kori\u0161\u0107enja ovog sajta pristajete na upotrebu kola\u010di\u0107a.<\/em><\/p>","protected":false},"excerpt":{"rendered":"<p>Ovaj sajt koristi kola\u010di\u0107e (cookies) radi unapre\u0111enja korisni\u010dkog iskustva i funkcionalnosti sajta. Kola\u010di\u0107i su male tekstualne datoteke koje se sme\u0161taju na Va\u0161 ure\u0111aj prilikom posete sajtu, omogu\u0107avaju\u0107i nam da prepoznamo Va\u0161e postavke i pobolj\u0161amo korisni\u010dko iskustvo. Vrste kola\u010di\u0107a koje koristimo: Neophodni kola\u010di\u0107i: Ovi kola\u010di\u0107i su esencijalni za pravilno funkcionisanje sajta i omogu\u0107avaju Vam da koristite [&hellip;]<\/p>","protected":false},"author":1,"featured_media":0,"parent":0,"menu_order":0,"comment_status":"closed","ping_status":"closed","template":"","meta":{"footnotes":""},"class_list":["post-13681","page","type-page","status-publish","hentry"],"_links":{"self":[{"href":"https:\/\/ctneuron.rs\/en\/wp-json\/wp\/v2\/pages\/13681","targetHints":{"allow":["GET"]}}],"collection":[{"href":"https:\/\/ctneuron.rs\/en\/wp-json\/wp\/v2\/pages"}],"about":[{"href":"https:\/\/ctneuron.rs\/en\/wp-json\/wp\/v2\/types\/page"}],"author":[{"embeddable":true,"href":"https:\/\/ctneuron.rs\/en\/wp-json\/wp\/v2\/users\/1"}],"replies":[{"embeddable":true,"href":"https:\/\/ctneuron.rs\/en\/wp-json\/wp\/v2\/comments?post=13681"}],"version-history":[{"count":1,"href":"https:\/\/ctneuron.rs\/en\/wp-json\/wp\/v2\/pages\/13681\/revisions"}],"predecessor-version":[{"id":13682,"href":"https:\/\/ctneuron.rs\/en\/wp-json\/wp\/v2\/pages\/13681\/revisions\/13682"}],"wp:attachment":[{"href":"https:\/\/ctneuron.rs\/en\/wp-json\/wp\/v2\/media?parent=13681"}],"curies":[{"name":"wp","href":"https:\/\/api.w.org\/{rel}","templated":true}]}}