{"id":11996,"date":"2025-03-13T12:01:06","date_gmt":"2025-03-13T12:01:06","guid":{"rendered":"https:\/\/ctneuron.rs\/?page_id=11996"},"modified":"2025-03-13T12:11:46","modified_gmt":"2025-03-13T12:11:46","slug":"slike-projekti","status":"publish","type":"page","link":"https:\/\/ctneuron.rs\/en\/slike-projekti\/","title":{"rendered":"Slike projekti"},"content":{"rendered":"<div data-elementor-type=\"wp-page\" data-elementor-id=\"11996\" class=\"elementor elementor-11996\">\n\t\t\t\t<div class=\"elementor-element elementor-element-7e805bb e-flex e-con-boxed e-con e-parent\" data-id=\"7e805bb\" data-element_type=\"container\">\n\t\t\t\t\t<div class=\"e-con-inner\">\n\t\t\t\t<div class=\"elementor-element elementor-element-c2d9866 elementor-widget elementor-widget-marity_core_image_gallery\" data-id=\"c2d9866\" data-element_type=\"widget\" data-widget_type=\"marity_core_image_gallery.default\">\n\t\t\t\t<div class=\"elementor-widget-container\">\n\t\t\t\t\t<div class=\"qodef-shortcode qodef-m  qodef-image-gallery qodef-magnific-popup qodef-popup-gallery qodef--hover-overlay qodef-grid qodef-layout--columns  qodef-gutter--extra-tiny qodef-col-num--4  qodef-responsive--predefined qodef-swiper--show-pagination\">\n    <div class=\"qodef-content-full-width\">\n        <div class=\"qodef-top-info-holder\" >\n            <div class=\"qodef-e-supertitle-holder\">\n                                    <h6 class=\"qodef-e-supertitle\">Galerija slika<\/h6>\n                            <\/div>\n            <span class=\"qodef-navigation-line\"><\/span>\n            <div class=\"qodef-e-title-holder\">\n                                    <h2 itemprop=\"name\" class=\"qodef-e-title entry-title\" style=\"margin: 20\">Scientific research projects<\/h2>\n                            <\/div>\n        <\/div>\n    <\/div>\n\t<div class=\"qodef-grid-inner\">\n\t\t<div class=\"qodef-e qodef-image-wrapper qodef-grid-item\">\n\t\t\t<a class=\"qodef-popup-item\" itemprop=\"image\" href=\"https:\/\/ctneuron.rs\/wp-content\/uploads\/2025\/03\/1-Cerebro-slika1.jpg\" data-type=\"image\" title=\"\">\n\t\t\t<img fetchpriority=\"high\" decoding=\"async\" width=\"1139\" height=\"1600\" src=\"https:\/\/ctneuron.rs\/wp-content\/uploads\/2025\/03\/1-Cerebro-slika1.jpg\" class=\"attachment-full size-full\" alt=\"\" srcset=\"https:\/\/ctneuron.rs\/wp-content\/uploads\/2025\/03\/1-Cerebro-slika1.jpg 1139w, https:\/\/ctneuron.rs\/wp-content\/uploads\/2025\/03\/1-Cerebro-slika1-214x300.jpg 214w, https:\/\/ctneuron.rs\/wp-content\/uploads\/2025\/03\/1-Cerebro-slika1-729x1024.jpg 729w, https:\/\/ctneuron.rs\/wp-content\/uploads\/2025\/03\/1-Cerebro-slika1-768x1079.jpg 768w, https:\/\/ctneuron.rs\/wp-content\/uploads\/2025\/03\/1-Cerebro-slika1-1093x1536.jpg 1093w, https:\/\/ctneuron.rs\/wp-content\/uploads\/2025\/03\/1-Cerebro-slika1-9x12.jpg 9w\" sizes=\"(max-width: 1139px) 100vw, 1139px\" \/>\t\t\t<\/a>\n\t<\/div>\n<div class=\"qodef-e qodef-image-wrapper qodef-grid-item\">\n\t\t\t<a class=\"qodef-popup-item\" itemprop=\"image\" href=\"https:\/\/ctneuron.rs\/wp-content\/uploads\/2025\/03\/2-bilaterala-slika6.jpg\" data-type=\"image\" title=\"\">\n\t\t\t<img decoding=\"async\" width=\"1200\" height=\"1600\" src=\"https:\/\/ctneuron.rs\/wp-content\/uploads\/2025\/03\/2-bilaterala-slika6.jpg\" class=\"attachment-full size-full\" alt=\"\" srcset=\"https:\/\/ctneuron.rs\/wp-content\/uploads\/2025\/03\/2-bilaterala-slika6.jpg 1200w, https:\/\/ctneuron.rs\/wp-content\/uploads\/2025\/03\/2-bilaterala-slika6-225x300.jpg 225w, https:\/\/ctneuron.rs\/wp-content\/uploads\/2025\/03\/2-bilaterala-slika6-768x1024.jpg 768w, https:\/\/ctneuron.rs\/wp-content\/uploads\/2025\/03\/2-bilaterala-slika6-1152x1536.jpg 1152w, https:\/\/ctneuron.rs\/wp-content\/uploads\/2025\/03\/2-bilaterala-slika6-9x12.jpg 9w\" sizes=\"(max-width: 1200px) 100vw, 1200px\" \/>\t\t\t<\/a>\n\t<\/div>\n<div class=\"qodef-e qodef-image-wrapper qodef-grid-item\">\n\t\t\t<a class=\"qodef-popup-item\" itemprop=\"image\" href=\"https:\/\/ctneuron.rs\/wp-content\/uploads\/2025\/03\/2-bilaterala-slika5.jpg\" data-type=\"image\" title=\"\">\n\t\t\t<img decoding=\"async\" width=\"1200\" height=\"1600\" src=\"https:\/\/ctneuron.rs\/wp-content\/uploads\/2025\/03\/2-bilaterala-slika5.jpg\" class=\"attachment-full size-full\" alt=\"\" srcset=\"https:\/\/ctneuron.rs\/wp-content\/uploads\/2025\/03\/2-bilaterala-slika5.jpg 1200w, https:\/\/ctneuron.rs\/wp-content\/uploads\/2025\/03\/2-bilaterala-slika5-225x300.jpg 225w, https:\/\/ctneuron.rs\/wp-content\/uploads\/2025\/03\/2-bilaterala-slika5-768x1024.jpg 768w, https:\/\/ctneuron.rs\/wp-content\/uploads\/2025\/03\/2-bilaterala-slika5-1152x1536.jpg 1152w, https:\/\/ctneuron.rs\/wp-content\/uploads\/2025\/03\/2-bilaterala-slika5-9x12.jpg 9w\" sizes=\"(max-width: 1200px) 100vw, 1200px\" \/>\t\t\t<\/a>\n\t<\/div>\n<div class=\"qodef-e qodef-image-wrapper qodef-grid-item\">\n\t\t\t<a class=\"qodef-popup-item\" itemprop=\"image\" href=\"https:\/\/ctneuron.rs\/wp-content\/uploads\/2025\/03\/2-bilaterala-slika3.jpg\" data-type=\"image\" title=\"\">\n\t\t\t<img loading=\"lazy\" decoding=\"async\" width=\"1212\" height=\"1079\" src=\"https:\/\/ctneuron.rs\/wp-content\/uploads\/2025\/03\/2-bilaterala-slika3.jpg\" class=\"attachment-full size-full\" alt=\"\" srcset=\"https:\/\/ctneuron.rs\/wp-content\/uploads\/2025\/03\/2-bilaterala-slika3.jpg 1212w, https:\/\/ctneuron.rs\/wp-content\/uploads\/2025\/03\/2-bilaterala-slika3-300x267.jpg 300w, https:\/\/ctneuron.rs\/wp-content\/uploads\/2025\/03\/2-bilaterala-slika3-1024x912.jpg 1024w, https:\/\/ctneuron.rs\/wp-content\/uploads\/2025\/03\/2-bilaterala-slika3-768x684.jpg 768w, https:\/\/ctneuron.rs\/wp-content\/uploads\/2025\/03\/2-bilaterala-slika3-13x12.jpg 13w\" sizes=\"(max-width: 1212px) 100vw, 1212px\" \/>\t\t\t<\/a>\n\t<\/div>\n<div class=\"qodef-e qodef-image-wrapper qodef-grid-item\">\n\t\t\t<a class=\"qodef-popup-item\" itemprop=\"image\" href=\"https:\/\/ctneuron.rs\/wp-content\/uploads\/2025\/03\/1-Cerebro-slika4.jpg\" data-type=\"image\" title=\"\">\n\t\t\t<img loading=\"lazy\" decoding=\"async\" width=\"1600\" height=\"1200\" src=\"https:\/\/ctneuron.rs\/wp-content\/uploads\/2025\/03\/1-Cerebro-slika4.jpg\" class=\"attachment-full size-full\" alt=\"\" srcset=\"https:\/\/ctneuron.rs\/wp-content\/uploads\/2025\/03\/1-Cerebro-slika4.jpg 1600w, https:\/\/ctneuron.rs\/wp-content\/uploads\/2025\/03\/1-Cerebro-slika4-300x225.jpg 300w, https:\/\/ctneuron.rs\/wp-content\/uploads\/2025\/03\/1-Cerebro-slika4-1024x768.jpg 1024w, https:\/\/ctneuron.rs\/wp-content\/uploads\/2025\/03\/1-Cerebro-slika4-768x576.jpg 768w, https:\/\/ctneuron.rs\/wp-content\/uploads\/2025\/03\/1-Cerebro-slika4-1536x1152.jpg 1536w, https:\/\/ctneuron.rs\/wp-content\/uploads\/2025\/03\/1-Cerebro-slika4-16x12.jpg 16w\" sizes=\"(max-width: 1600px) 100vw, 1600px\" \/>\t\t\t<\/a>\n\t<\/div>\n<div class=\"qodef-e qodef-image-wrapper qodef-grid-item\">\n\t\t\t<a class=\"qodef-popup-item\" itemprop=\"image\" href=\"https:\/\/ctneuron.rs\/wp-content\/uploads\/2025\/03\/2-bilaterala-slika1.jpg\" data-type=\"image\" title=\"\">\n\t\t\t<img loading=\"lazy\" decoding=\"async\" width=\"1280\" height=\"960\" src=\"https:\/\/ctneuron.rs\/wp-content\/uploads\/2025\/03\/2-bilaterala-slika1.jpg\" class=\"attachment-full size-full\" alt=\"\" srcset=\"https:\/\/ctneuron.rs\/wp-content\/uploads\/2025\/03\/2-bilaterala-slika1.jpg 1280w, https:\/\/ctneuron.rs\/wp-content\/uploads\/2025\/03\/2-bilaterala-slika1-300x225.jpg 300w, https:\/\/ctneuron.rs\/wp-content\/uploads\/2025\/03\/2-bilaterala-slika1-1024x768.jpg 1024w, https:\/\/ctneuron.rs\/wp-content\/uploads\/2025\/03\/2-bilaterala-slika1-768x576.jpg 768w, https:\/\/ctneuron.rs\/wp-content\/uploads\/2025\/03\/2-bilaterala-slika1-16x12.jpg 16w\" sizes=\"(max-width: 1280px) 100vw, 1280px\" \/>\t\t\t<\/a>\n\t<\/div>\n<div class=\"qodef-e qodef-image-wrapper qodef-grid-item\">\n\t\t\t<a class=\"qodef-popup-item\" itemprop=\"image\" href=\"https:\/\/ctneuron.rs\/wp-content\/uploads\/2025\/03\/2-bilaterala-slika2.jpg\" data-type=\"image\" title=\"\">\n\t\t\t<img loading=\"lazy\" decoding=\"async\" width=\"2048\" height=\"1536\" src=\"https:\/\/ctneuron.rs\/wp-content\/uploads\/2025\/03\/2-bilaterala-slika2.jpg\" class=\"attachment-full size-full\" alt=\"\" srcset=\"https:\/\/ctneuron.rs\/wp-content\/uploads\/2025\/03\/2-bilaterala-slika2.jpg 2048w, https:\/\/ctneuron.rs\/wp-content\/uploads\/2025\/03\/2-bilaterala-slika2-300x225.jpg 300w, https:\/\/ctneuron.rs\/wp-content\/uploads\/2025\/03\/2-bilaterala-slika2-1024x768.jpg 1024w, https:\/\/ctneuron.rs\/wp-content\/uploads\/2025\/03\/2-bilaterala-slika2-768x576.jpg 768w, https:\/\/ctneuron.rs\/wp-content\/uploads\/2025\/03\/2-bilaterala-slika2-1536x1152.jpg 1536w, https:\/\/ctneuron.rs\/wp-content\/uploads\/2025\/03\/2-bilaterala-slika2-16x12.jpg 16w\" sizes=\"(max-width: 2048px) 100vw, 2048px\" \/>\t\t\t<\/a>\n\t<\/div>\n<div class=\"qodef-e qodef-image-wrapper qodef-grid-item\">\n\t\t\t<a class=\"qodef-popup-item\" itemprop=\"image\" href=\"https:\/\/ctneuron.rs\/wp-content\/uploads\/2025\/03\/2-bilaterala-slika4.jpg\" data-type=\"image\" title=\"\">\n\t\t\t<img loading=\"lazy\" decoding=\"async\" width=\"1440\" height=\"1080\" src=\"https:\/\/ctneuron.rs\/wp-content\/uploads\/2025\/03\/2-bilaterala-slika4.jpg\" class=\"attachment-full size-full\" alt=\"\" srcset=\"https:\/\/ctneuron.rs\/wp-content\/uploads\/2025\/03\/2-bilaterala-slika4.jpg 1440w, https:\/\/ctneuron.rs\/wp-content\/uploads\/2025\/03\/2-bilaterala-slika4-300x225.jpg 300w, https:\/\/ctneuron.rs\/wp-content\/uploads\/2025\/03\/2-bilaterala-slika4-1024x768.jpg 1024w, https:\/\/ctneuron.rs\/wp-content\/uploads\/2025\/03\/2-bilaterala-slika4-768x576.jpg 768w, https:\/\/ctneuron.rs\/wp-content\/uploads\/2025\/03\/2-bilaterala-slika4-16x12.jpg 16w\" sizes=\"(max-width: 1440px) 100vw, 1440px\" \/>\t\t\t<\/a>\n\t<\/div>\n<div class=\"qodef-e qodef-image-wrapper qodef-grid-item\">\n\t\t\t<a class=\"qodef-popup-item\" itemprop=\"image\" href=\"https:\/\/ctneuron.rs\/wp-content\/uploads\/2025\/03\/1-Cerebro-slika3.jpg\" data-type=\"image\" title=\"\">\n\t\t\t<img loading=\"lazy\" decoding=\"async\" width=\"1024\" height=\"356\" src=\"https:\/\/ctneuron.rs\/wp-content\/uploads\/2025\/03\/1-Cerebro-slika3.jpg\" class=\"attachment-full size-full\" alt=\"\" srcset=\"https:\/\/ctneuron.rs\/wp-content\/uploads\/2025\/03\/1-Cerebro-slika3.jpg 1024w, https:\/\/ctneuron.rs\/wp-content\/uploads\/2025\/03\/1-Cerebro-slika3-300x104.jpg 300w, https:\/\/ctneuron.rs\/wp-content\/uploads\/2025\/03\/1-Cerebro-slika3-768x267.jpg 768w, https:\/\/ctneuron.rs\/wp-content\/uploads\/2025\/03\/1-Cerebro-slika3-18x6.jpg 18w\" sizes=\"(max-width: 1024px) 100vw, 1024px\" \/>\t\t\t<\/a>\n\t<\/div>\n<div class=\"qodef-e qodef-image-wrapper qodef-grid-item\">\n\t\t\t<a class=\"qodef-popup-item\" itemprop=\"image\" href=\"https:\/\/ctneuron.rs\/wp-content\/uploads\/2025\/03\/1-Cerebro-slika2.png\" data-type=\"image\" title=\"\">\n\t\t\t<img loading=\"lazy\" decoding=\"async\" width=\"691\" height=\"520\" src=\"https:\/\/ctneuron.rs\/wp-content\/uploads\/2025\/03\/1-Cerebro-slika2.png\" class=\"attachment-full size-full\" alt=\"\" srcset=\"https:\/\/ctneuron.rs\/wp-content\/uploads\/2025\/03\/1-Cerebro-slika2.png 691w, https:\/\/ctneuron.rs\/wp-content\/uploads\/2025\/03\/1-Cerebro-slika2-300x226.png 300w, https:\/\/ctneuron.rs\/wp-content\/uploads\/2025\/03\/1-Cerebro-slika2-16x12.png 16w\" sizes=\"(max-width: 691px) 100vw, 691px\" \/>\t\t\t<\/a>\n\t<\/div>\n\t<\/div>\n<\/div>\n\t\t\t\t<\/div>\n\t\t\t\t<\/div>\n\t\t\t\t\t<\/div>\n\t\t\t\t<\/div>\n\t\t\t\t<\/div>","protected":false},"excerpt":{"rendered":"<p>Galerija slika Nau\u010dno istra\u017eiva\u010dki projekti<\/p>","protected":false},"author":1,"featured_media":0,"parent":0,"menu_order":0,"comment_status":"closed","ping_status":"closed","template":"","meta":{"footnotes":""},"class_list":["post-11996","page","type-page","status-publish","hentry"],"_links":{"self":[{"href":"https:\/\/ctneuron.rs\/en\/wp-json\/wp\/v2\/pages\/11996","targetHints":{"allow":["GET"]}}],"collection":[{"href":"https:\/\/ctneuron.rs\/en\/wp-json\/wp\/v2\/pages"}],"about":[{"href":"https:\/\/ctneuron.rs\/en\/wp-json\/wp\/v2\/types\/page"}],"author":[{"embeddable":true,"href":"https:\/\/ctneuron.rs\/en\/wp-json\/wp\/v2\/users\/1"}],"replies":[{"embeddable":true,"href":"https:\/\/ctneuron.rs\/en\/wp-json\/wp\/v2\/comments?post=11996"}],"version-history":[{"count":7,"href":"https:\/\/ctneuron.rs\/en\/wp-json\/wp\/v2\/pages\/11996\/revisions"}],"predecessor-version":[{"id":12014,"href":"https:\/\/ctneuron.rs\/en\/wp-json\/wp\/v2\/pages\/11996\/revisions\/12014"}],"wp:attachment":[{"href":"https:\/\/ctneuron.rs\/en\/wp-json\/wp\/v2\/media?parent=11996"}],"curies":[{"name":"wp","href":"https:\/\/api.w.org\/{rel}","templated":true}]}}