{"id":10008,"date":"2025-02-04T13:06:10","date_gmt":"2025-02-04T13:06:10","guid":{"rendered":"https:\/\/ctneuron.rs\/?page_id=10008"},"modified":"2025-02-06T15:11:42","modified_gmt":"2025-02-06T15:11:42","slug":"katarina-mihajlovic","status":"publish","type":"page","link":"https:\/\/ctneuron.rs\/en\/katarina-mihajlovic\/","title":{"rendered":"Katarina Mihajlovi\u0107"},"content":{"rendered":"<div data-elementor-type=\"wp-page\" data-elementor-id=\"10008\" class=\"elementor elementor-10008\">\n\t\t\t\t<div class=\"elementor-element elementor-element-24be023 e-flex e-con-boxed e-con e-parent\" data-id=\"24be023\" data-element_type=\"container\">\n\t\t\t\t\t<div class=\"e-con-inner\">\n\t\t\t\t<div class=\"elementor-element elementor-element-83c0716 elementor-widget elementor-widget-text-editor\" data-id=\"83c0716\" data-element_type=\"widget\" data-widget_type=\"text-editor.default\">\n\t\t\t\t<div class=\"elementor-widget-container\">\n\t\t\t\t\t\t\t\t\t<h3><strong>Katarina Mihajlovi\u0107<\/strong><\/h3><p><!-- \/wp:paragraph --><\/p>\t\t\t\t\t\t\t\t<\/div>\n\t\t\t\t<\/div>\n\t\t\t\t<div class=\"elementor-element elementor-element-113dad6 elementor-widget elementor-widget-image\" data-id=\"113dad6\" data-element_type=\"widget\" data-widget_type=\"image.default\">\n\t\t\t\t<div class=\"elementor-widget-container\">\n\t\t\t\t\t\t\t\t\t\t\t\t\t\t\t<img fetchpriority=\"high\" decoding=\"async\" width=\"2560\" height=\"1707\" src=\"https:\/\/ctneuron.rs\/wp-content\/uploads\/2022\/10\/Untitled-design-2-scaled.jpg\" class=\"attachment-full size-full wp-image-9952\" alt=\"\" srcset=\"https:\/\/ctneuron.rs\/wp-content\/uploads\/2022\/10\/Untitled-design-2-scaled.jpg 2560w, https:\/\/ctneuron.rs\/wp-content\/uploads\/2022\/10\/Untitled-design-2-300x200.jpg 300w, https:\/\/ctneuron.rs\/wp-content\/uploads\/2022\/10\/Untitled-design-2-1024x683.jpg 1024w, https:\/\/ctneuron.rs\/wp-content\/uploads\/2022\/10\/Untitled-design-2-768x512.jpg 768w, https:\/\/ctneuron.rs\/wp-content\/uploads\/2022\/10\/Untitled-design-2-1536x1024.jpg 1536w, https:\/\/ctneuron.rs\/wp-content\/uploads\/2022\/10\/Untitled-design-2-2048x1365.jpg 2048w\" sizes=\"(max-width: 2560px) 100vw, 2560px\" \/>\t\t\t\t\t\t\t\t\t\t\t\t\t\t\t<\/div>\n\t\t\t\t<\/div>\n\t\t\t\t\t<\/div>\n\t\t\t\t<\/div>\n\t\t<div class=\"elementor-element elementor-element-35ba47f e-flex e-con-boxed e-con e-parent\" data-id=\"35ba47f\" data-element_type=\"container\">\n\t\t\t\t\t<div class=\"e-con-inner\">\n\t\t\t\t<div class=\"elementor-element elementor-element-6a1ff3d elementor-widget elementor-widget-text-editor\" data-id=\"6a1ff3d\" data-element_type=\"widget\" data-widget_type=\"text-editor.default\">\n\t\t\t\t<div class=\"elementor-widget-container\">\n\t\t\t\t\t\t\t\t\t<p><strong>Katarina Mihajlovi\u0107<\/strong><\/p><p>orcid.org\/0000-0002-9385-5002<\/p><p><a href=\"https:\/\/bio.bg.ac.rs\/zaposleni\/mihajlovic-katarina\/\">https:\/\/bio.bg.ac.rs\/zaposleni\/mihajlovic-katarina\/<\/a><\/p><p><a href=\"https:\/\/www.researchgate.net\/profile\/Katarina-Mihajlovic\">https:\/\/www.researchgate.net\/profile\/Katarina-Mihajlovic<\/a><\/p><p><strong>Five most important publications:<\/strong><\/p><p>Mihajlovic K, Bukvic MA, Dragic M, Scortichini M, Jacobson KA, Nedeljkovic N. Anti-inflammatory potency of novel ecto-5&#8242;-nucleotidase\/CD73 inhibitors in astrocyte culture model of neuroinflammation. Eur J Pharmacol. 2023 Oct 5;956:175943. doi: 10.1016\/j.ejphar.2023.175943. Epub 2023 Aug 2. PMID: 37541364<\/p><p>Zaric Kontic M, Dragic M, Martinovic J, Mihajlovic K, Brkic Z, Mitrovic N, Grkovic I. Prolonged Alprazolam Treatment Alters Components of Glutamatergic Neurotransmission in the Hippocampus of Male Wistar Rats-The Neuroadaptive Changes following Long-Term Benzodiazepine (Mis)Use. Pharmaceuticals (Basel). 2023 Feb 21;16(3):331. doi: 10.3390\/ph16030331. PMID: 36986431<\/p><p>Stekic A, Zeljkovic M, Zaric Kontic M, Mihajlovic K, Adzic M, Stevanovic I, Ninkovic M, Grkovic I, Ilic TV, Nedeljkovic N, Dragic M. Intermittent Theta Burst Stimulation Ameliorates Cognitive Deficit and Attenuates Neuroinflammation via PI3K\/Akt\/mTOR Signaling Pathway in Alzheimer&#8217;s-Like Disease Model. Front Aging Neurosci. 2022 May 17;14:889983. doi: 10.3389\/fnagi.2022.889983. PMID: 35656538<\/p><p>Dragic M, Mihajlovic K, Adzic M, Jakovljevic M, Kontic MZ, Mitrovi\u0107 N, Laketa D, Lavrnja I, Kipp M, Grkovi\u0107 I, Nedeljkovic N. Expression of Ectonucleoside Triphosphate Diphosphohydrolase 2 (NTPDase2) Is Negatively Regulated Under Neuroinflammatory Conditions In Vivo and In Vitro. ASN Neuro. 2022 Jan-Dec;14:17590914221102068. doi: 10.1177\/17590914221102068. PMID: 35593054<\/p><p>Dragi\u0107 M, Zeljkovi\u0107 M, Stevanovi\u0107 I, Ad\u017ei\u0107 M, Steki\u0107 A, Mihajlovi\u0107 K, Grkovi\u0107 I, Ili\u0107 N, Ili\u0107 TV, Nedeljkovi\u0107 N, Ninkovi\u0107 M. Downregulation of CD73\/A2AR-Mediated Adenosine Signaling as a Potential Mechanism of Neuroprotective Effects of Theta-Burst Transcranial Magnetic Stimulation in Acute Experimental Autoimmune Encephalomyelitis. Brain Sci. 2021 Jun 1;11(6):736. doi: 10.3390\/brainsci11060736. PMID: 34205965<\/p>\t\t\t\t\t\t\t\t<\/div>\n\t\t\t\t<\/div>\n\t\t\t\t\t<\/div>\n\t\t\t\t<\/div>\n\t\t\t\t<\/div>","protected":false},"excerpt":{"rendered":"<p>Katarina Mihajlovi\u0107 Katarina Mihajlovi\u0107 orcid.org\/0000-0002-9385-5002 https:\/\/bio.bg.ac.rs\/zaposleni\/mihajlovic-katarina\/ https:\/\/www.researchgate.net\/profile\/Katarina-Mihajlovic Five most important publications: Mihajlovic K, Bukvic MA, Dragic M, Scortichini M, Jacobson KA, Nedeljkovic N. Anti-inflammatory potency of novel ecto-5&#8242;-nucleotidase\/CD73 inhibitors in astrocyte culture model of neuroinflammation. Eur J Pharmacol. 2023 Oct 5;956:175943. doi: 10.1016\/j.ejphar.2023.175943. Epub 2023 Aug 2. PMID: 37541364 Zaric Kontic M, Dragic M, Martinovic [&hellip;]<\/p>","protected":false},"author":1,"featured_media":0,"parent":0,"menu_order":0,"comment_status":"closed","ping_status":"closed","template":"","meta":{"footnotes":""},"class_list":["post-10008","page","type-page","status-publish","hentry"],"_links":{"self":[{"href":"https:\/\/ctneuron.rs\/en\/wp-json\/wp\/v2\/pages\/10008","targetHints":{"allow":["GET"]}}],"collection":[{"href":"https:\/\/ctneuron.rs\/en\/wp-json\/wp\/v2\/pages"}],"about":[{"href":"https:\/\/ctneuron.rs\/en\/wp-json\/wp\/v2\/types\/page"}],"author":[{"embeddable":true,"href":"https:\/\/ctneuron.rs\/en\/wp-json\/wp\/v2\/users\/1"}],"replies":[{"embeddable":true,"href":"https:\/\/ctneuron.rs\/en\/wp-json\/wp\/v2\/comments?post=10008"}],"version-history":[{"count":10,"href":"https:\/\/ctneuron.rs\/en\/wp-json\/wp\/v2\/pages\/10008\/revisions"}],"predecessor-version":[{"id":10226,"href":"https:\/\/ctneuron.rs\/en\/wp-json\/wp\/v2\/pages\/10008\/revisions\/10226"}],"wp:attachment":[{"href":"https:\/\/ctneuron.rs\/en\/wp-json\/wp\/v2\/media?parent=10008"}],"curies":[{"name":"wp","href":"https:\/\/api.w.org\/{rel}","templated":true}]}}