{"id":10001,"date":"2025-02-04T13:05:14","date_gmt":"2025-02-04T13:05:14","guid":{"rendered":"https:\/\/ctneuron.rs\/?page_id=10001"},"modified":"2025-03-18T14:39:23","modified_gmt":"2025-03-18T14:39:23","slug":"milica-zeljkovic-jovanovic","status":"publish","type":"page","link":"https:\/\/ctneuron.rs\/en\/milica-zeljkovic-jovanovic\/","title":{"rendered":"Milica Zeljkovi\u0107 Jovanovi\u0107"},"content":{"rendered":"<div data-elementor-type=\"wp-page\" data-elementor-id=\"10001\" class=\"elementor elementor-10001\">\n\t\t\t\t<div class=\"elementor-element elementor-element-5304c16 e-flex e-con-boxed e-con e-parent\" data-id=\"5304c16\" data-element_type=\"container\">\n\t\t\t\t\t<div class=\"e-con-inner\">\n\t\t\t\t<div class=\"elementor-element elementor-element-3090f10 elementor-widget elementor-widget-text-editor\" data-id=\"3090f10\" data-element_type=\"widget\" data-widget_type=\"text-editor.default\">\n\t\t\t\t<div class=\"elementor-widget-container\">\n\t\t\t\t\t\t\t\t\t\n<h3><strong>Dr. Milica Zeljkovi\u0107 Jovanovi\u0107<\/strong><\/h3>\n\t\t\t\t\t\t\t\t<\/div>\n\t\t\t\t<\/div>\n\t\t\t\t<div class=\"elementor-element elementor-element-cd2f755 elementor-widget elementor-widget-image\" data-id=\"cd2f755\" data-element_type=\"widget\" data-widget_type=\"image.default\">\n\t\t\t\t<div class=\"elementor-widget-container\">\n\t\t\t\t\t\t\t\t\t\t\t\t\t\t\t<img fetchpriority=\"high\" decoding=\"async\" width=\"2560\" height=\"1707\" src=\"https:\/\/ctneuron.rs\/wp-content\/uploads\/2022\/10\/Milica-Zeljkovic-Jovanovic-scaled.jpg\" class=\"attachment-full size-full wp-image-9947\" alt=\"\" srcset=\"https:\/\/ctneuron.rs\/wp-content\/uploads\/2022\/10\/Milica-Zeljkovic-Jovanovic-scaled.jpg 2560w, https:\/\/ctneuron.rs\/wp-content\/uploads\/2022\/10\/Milica-Zeljkovic-Jovanovic-300x200.jpg 300w, https:\/\/ctneuron.rs\/wp-content\/uploads\/2022\/10\/Milica-Zeljkovic-Jovanovic-1024x683.jpg 1024w, https:\/\/ctneuron.rs\/wp-content\/uploads\/2022\/10\/Milica-Zeljkovic-Jovanovic-768x512.jpg 768w, https:\/\/ctneuron.rs\/wp-content\/uploads\/2022\/10\/Milica-Zeljkovic-Jovanovic-1536x1024.jpg 1536w, https:\/\/ctneuron.rs\/wp-content\/uploads\/2022\/10\/Milica-Zeljkovic-Jovanovic-2048x1365.jpg 2048w\" sizes=\"(max-width: 2560px) 100vw, 2560px\" \/>\t\t\t\t\t\t\t\t\t\t\t\t\t\t\t<\/div>\n\t\t\t\t<\/div>\n\t\t\t\t\t<\/div>\n\t\t\t\t<\/div>\n\t\t<div class=\"elementor-element elementor-element-63840184 e-flex e-con-boxed e-con e-parent\" data-id=\"63840184\" data-element_type=\"container\">\n\t\t\t\t\t<div class=\"e-con-inner\">\n\t\t\t\t<div class=\"elementor-element elementor-element-313edcba elementor-widget elementor-widget-text-editor\" data-id=\"313edcba\" data-element_type=\"widget\" data-widget_type=\"text-editor.default\">\n\t\t\t\t<div class=\"elementor-widget-container\">\n\t\t\t\t\t\t\t\t\t\n<p><\/p>\n\n\n\n<p><\/p>\n\t\t\t\t\t\t\t\t<\/div>\n\t\t\t\t<\/div>\n\t\t\t\t\t<\/div>\n\t\t\t\t<\/div>\n\t\t<div class=\"elementor-element elementor-element-71b20c4 e-flex e-con-boxed e-con e-parent\" data-id=\"71b20c4\" data-element_type=\"container\">\n\t\t\t\t\t<div class=\"e-con-inner\">\n\t\t\t\t<div class=\"elementor-element elementor-element-7388c98 elementor-widget elementor-widget-text-editor\" data-id=\"7388c98\" data-element_type=\"widget\" data-widget_type=\"text-editor.default\">\n\t\t\t\t<div class=\"elementor-widget-container\">\n\t\t\t\t\t\t\t\t\t<p><strong>Milica Zeljkovi\u0107 Jovanovi\u0107<\/strong><\/p>\n<p><a href=\"https:\/\/orcid.org\/0000-0002-5608-4384\">\u00a0orcid.org\/0000-0002-5608-4384<\/a><\/p>\n<p><a href=\"https:\/\/www.researchgate.net\/profile\/Milica-Zeljkovic\">https:\/\/www.researchgate.net\/profile\/Milica-Zeljkovic<\/a><\/p>\n<p>\u00a0<\/p>\n<p><strong>Five most important publications:<\/strong><\/p>\n<p>Zeljkovic Jovanovic, M., Stanojevic, J., Stevanovic, I., Ninkovic, M., Nedeljkovic, N., &amp; Dragic, M. (2024). Sustained Systemic Antioxidative Effects of Intermittent Theta Burst Stimulation beyond Neurodegeneration: Implications in Therapy in 6-Hydroxydopamine Model of Parkinson&#8217;s Disease. Antioxidants (Basel, Switzerland), 13(2), 218.<\/p>\n<p>https:\/\/doi.org\/10.3390\/antiox13020218<\/p>\n<p>Jovanovic, M. Z., Stanojevic, J., Stevanovic, I., Ninkovic, M., Ilic, T. V., Nedeljkovic, N., &amp; Dragic, M. (2025). Prolonged intermittent theta burst stimulation restores the balance between A2AR- and A1R-mediated adenosine signaling in the 6-hydroxidopamine model of Parkinson&#8217;s disease. Neural regeneration research, 20(7), 2053\u20132067. https:\/\/doi.org\/10.4103\/NRR.NRR-D-23-01542<\/p>\n<p>Zeljkovic Jovanovic, M., Stanojevic, J., Stevanovic, I., Stekic, A., Bolland, S. J., Jasnic, N., Ninkovic, M., Zaric Kontic, M., Ilic, T. V., Rodger, J., Nedeljkovic, N., &amp; Dragic, M. (2023). Intermittent Theta Burst Stimulation Improves Motor and Behavioral Dysfunction through Modulation of NMDA Receptor Subunit Composition in Experimental Model of Parkinson&#8217;s Disease. Cells, 12(11), 1525. https:\/\/doi.org\/10.3390\/cells12111525<\/p>\n<p>Dragi\u0107, M., Zeljkovi\u0107, M., Stevanovi\u0107, I., Ad\u017ei\u0107, M., Steki\u0107, A., Mihajlovi\u0107, K., Grkovi\u0107, I., Ili\u0107, N., Ili\u0107, T. V., Nedeljkovi\u0107, N., &amp; Ninkovi\u0107, M. (2021). Downregulation of CD73\/A2AR-Mediated Adenosine Signaling as a Potential Mechanism of Neuroprotective Effects of Theta-Burst Transcranial Magnetic Stimulation in Acute Experimental Autoimmune Encephalomyelitis. Brain sciences, 11(6), 736. https:\/\/doi.org\/10.3390\/brainsci11060736<\/p>\n<p>Saponjic, J., Mej\u00edas, R., Nikolovski, N., Dragic, M., Canak, A., Papoutsopoulou, S., G\u00fcrsoy-\u00d6zdemir, Y., Fladmark, K. E., Ntavaroukas, P., Bayar Muluk, N., Zeljkovic Jovanovic, M., Font\u00e1n-Lozano, \u00c1., Comi, C., &amp; Marino, F. (2024). Experimental Models to Study Immune Dysfunction in the Pathogenesis of Parkinson&#8217;s Disease. International journal of molecular sciences, 25(8), 4330.<\/p>\n<p>https:\/\/doi.org\/10.3390\/ijms25084330<\/p>\t\t\t\t\t\t\t\t<\/div>\n\t\t\t\t<\/div>\n\t\t\t\t\t<\/div>\n\t\t\t\t<\/div>\n\t\t\t\t<\/div>","protected":false},"excerpt":{"rendered":"<p>Dr. Milica Zeljkovi\u0107 Jovanovi\u0107 Milica Zeljkovi\u0107 Jovanovi\u0107 \u00a0orcid.org\/0000-0002-5608-4384 https:\/\/www.researchgate.net\/profile\/Milica-Zeljkovic \u00a0 Five most important publications: Zeljkovic Jovanovic, M., Stanojevic, J., Stevanovic, I., Ninkovic, M., Nedeljkovic, N., &amp; Dragic, M. (2024). Sustained Systemic Antioxidative Effects of Intermittent Theta Burst Stimulation beyond Neurodegeneration: Implications in Therapy in 6-Hydroxydopamine Model of Parkinson&#8217;s Disease. Antioxidants (Basel, Switzerland), 13(2), 218. https:\/\/doi.org\/10.3390\/antiox13020218 [&hellip;]<\/p>","protected":false},"author":1,"featured_media":0,"parent":0,"menu_order":0,"comment_status":"closed","ping_status":"closed","template":"","meta":{"footnotes":""},"class_list":["post-10001","page","type-page","status-publish","hentry"],"_links":{"self":[{"href":"https:\/\/ctneuron.rs\/en\/wp-json\/wp\/v2\/pages\/10001","targetHints":{"allow":["GET"]}}],"collection":[{"href":"https:\/\/ctneuron.rs\/en\/wp-json\/wp\/v2\/pages"}],"about":[{"href":"https:\/\/ctneuron.rs\/en\/wp-json\/wp\/v2\/types\/page"}],"author":[{"embeddable":true,"href":"https:\/\/ctneuron.rs\/en\/wp-json\/wp\/v2\/users\/1"}],"replies":[{"embeddable":true,"href":"https:\/\/ctneuron.rs\/en\/wp-json\/wp\/v2\/comments?post=10001"}],"version-history":[{"count":10,"href":"https:\/\/ctneuron.rs\/en\/wp-json\/wp\/v2\/pages\/10001\/revisions"}],"predecessor-version":[{"id":10223,"href":"https:\/\/ctneuron.rs\/en\/wp-json\/wp\/v2\/pages\/10001\/revisions\/10223"}],"wp:attachment":[{"href":"https:\/\/ctneuron.rs\/en\/wp-json\/wp\/v2\/media?parent=10001"}],"curies":[{"name":"wp","href":"https:\/\/api.w.org\/{rel}","templated":true}]}}